{"id":540,"date":"2018-11-27T09:17:08","date_gmt":"2018-11-27T08:17:08","guid":{"rendered":"https:\/\/www.feinstaubfilm.at\/about\/"},"modified":"2026-02-20T17:16:32","modified_gmt":"2026-02-20T16:16:32","slug":"filme","status":"publish","type":"page","link":"https:\/\/www.feinstaubfilm.at\/en\/filme\/","title":{"rendered":"movies"},"content":{"rendered":"<div data-elementor-type=\"wp-post\" data-elementor-id=\"540\" class=\"elementor elementor-540\">\n\t\t\t\t\t\t<section class=\"elementor-section elementor-top-section elementor-element elementor-element-993f7b6 elementor-hidden-mobile elementor-section-boxed elementor-section-height-default elementor-section-height-default\" data-id=\"993f7b6\" data-element_type=\"section\" data-e-type=\"section\">\n\t\t\t\t\t\t<div class=\"elementor-container elementor-column-gap-default\">\n\t\t\t\t\t<div class=\"elementor-column elementor-col-100 elementor-top-column elementor-element elementor-element-5ef6060\" data-id=\"5ef6060\" data-element_type=\"column\" data-e-type=\"column\">\n\t\t\t<div class=\"elementor-widget-wrap elementor-element-populated\">\n\t\t\t\t\t\t<div class=\"elementor-element elementor-element-02d1be2 elementor-widget elementor-widget-spacer\" data-id=\"02d1be2\" data-element_type=\"widget\" data-e-type=\"widget\" data-widget_type=\"spacer.default\">\n\t\t\t\t<div class=\"elementor-widget-container\">\n\t\t\t\t\t\t\t<div class=\"elementor-spacer\">\n\t\t\t<div class=\"elementor-spacer-inner\"><\/div>\n\t\t<\/div>\n\t\t\t\t\t\t<\/div>\n\t\t\t\t<\/div>\n\t\t\t\t\t<\/div>\n\t\t<\/div>\n\t\t\t\t\t<\/div>\n\t\t<\/section>\n\t\t\t\t<section class=\"elementor-section elementor-top-section elementor-element elementor-element-8c0a141 elementor-section-boxed elementor-section-height-default elementor-section-height-default\" data-id=\"8c0a141\" data-element_type=\"section\" data-e-type=\"section\">\n\t\t\t\t\t\t<div class=\"elementor-container elementor-column-gap-default\">\n\t\t\t\t\t<div class=\"elementor-column elementor-col-100 elementor-top-column elementor-element elementor-element-8ce70e2\" data-id=\"8ce70e2\" data-element_type=\"column\" data-e-type=\"column\">\n\t\t\t<div class=\"elementor-widget-wrap elementor-element-populated\">\n\t\t\t\t\t\t<div class=\"elementor-element elementor-element-df01309 elementor-widget elementor-widget-heading\" data-id=\"df01309\" data-element_type=\"widget\" data-e-type=\"widget\" data-widget_type=\"heading.default\">\n\t\t\t\t<div class=\"elementor-widget-container\">\n\t\t\t\t\t<h2 class=\"elementor-heading-title elementor-size-default\"><a href=\"https:\/\/www.feinstaubfilm.at\/en\/in-herstellung\/\">Films in production\n<\/a><\/h2>\t\t\t\t<\/div>\n\t\t\t\t<\/div>\n\t\t\t\t\t<\/div>\n\t\t<\/div>\n\t\t\t\t\t<\/div>\n\t\t<\/section>\n\t\t\t\t<section class=\"elementor-section elementor-top-section elementor-element elementor-element-3633334 elementor-section-boxed elementor-section-height-default elementor-section-height-default\" data-id=\"3633334\" data-element_type=\"section\" data-e-type=\"section\">\n\t\t\t\t\t\t<div class=\"elementor-container elementor-column-gap-default\">\n\t\t\t\t\t<div class=\"elementor-column elementor-col-100 elementor-top-column elementor-element elementor-element-6dc69f8\" data-id=\"6dc69f8\" data-element_type=\"column\" data-e-type=\"column\">\n\t\t\t<div class=\"elementor-widget-wrap elementor-element-populated\">\n\t\t\t\t\t\t<div class=\"elementor-element elementor-element-b8ad588 elementor-widget elementor-widget-spacer\" data-id=\"b8ad588\" data-element_type=\"widget\" data-e-type=\"widget\" data-widget_type=\"spacer.default\">\n\t\t\t\t<div class=\"elementor-widget-container\">\n\t\t\t\t\t\t\t<div class=\"elementor-spacer\">\n\t\t\t<div class=\"elementor-spacer-inner\"><\/div>\n\t\t<\/div>\n\t\t\t\t\t\t<\/div>\n\t\t\t\t<\/div>\n\t\t\t\t\t<\/div>\n\t\t<\/div>\n\t\t\t\t\t<\/div>\n\t\t<\/section>\n\t\t<div class=\"elementor-element elementor-element-1a48fa3 e-grid e-con-boxed elementor-invisible e-con e-parent\" data-id=\"1a48fa3\" data-element_type=\"container\" data-e-type=\"container\" data-settings=\"{&quot;animation&quot;:&quot;fadeIn&quot;}\">\n\t\t\t\t\t<div class=\"e-con-inner\">\n\t\t\t\t<div class=\"elementor-element elementor-element-47869f3 elementor-widget elementor-widget-image\" data-id=\"47869f3\" data-element_type=\"widget\" data-e-type=\"widget\" data-widget_type=\"image.default\">\n\t\t\t\t<div class=\"elementor-widget-container\">\n\t\t\t\t\t\t\t\t\t\t\t\t<figure class=\"wp-caption\">\n\t\t\t\t\t\t\t\t\t\t\t<a href=\"https:\/\/www.feinstaubfilm.at\/en\/muetter\/\">\n\t\t\t\t\t\t\t<img fetchpriority=\"high\" decoding=\"async\" width=\"1024\" height=\"576\" src=\"https:\/\/www.feinstaubfilm.at\/wp-content\/uploads\/2026\/02\/Muetter_Still01-1024x576.jpg\" class=\"attachment-large size-large wp-image-4239\" alt=\"M\u00fctter\" srcset=\"https:\/\/www.feinstaubfilm.at\/wp-content\/uploads\/2026\/02\/Muetter_Still01-1024x576.jpg 1024w, https:\/\/www.feinstaubfilm.at\/wp-content\/uploads\/2026\/02\/Muetter_Still01-300x169.jpg 300w, https:\/\/www.feinstaubfilm.at\/wp-content\/uploads\/2026\/02\/Muetter_Still01-768x432.jpg 768w, https:\/\/www.feinstaubfilm.at\/wp-content\/uploads\/2026\/02\/Muetter_Still01-1536x864.jpg 1536w, https:\/\/www.feinstaubfilm.at\/wp-content\/uploads\/2026\/02\/Muetter_Still01-2048x1152.jpg 2048w, https:\/\/www.feinstaubfilm.at\/wp-content\/uploads\/2026\/02\/Muetter_Still01-18x10.jpg 18w, https:\/\/www.feinstaubfilm.at\/wp-content\/uploads\/2026\/02\/Muetter_Still01-1320x743.jpg 1320w\" sizes=\"(max-width: 1024px) 100vw, 1024px\" \/>\t\t\t\t\t\t\t\t<\/a>\n\t\t\t\t\t\t\t\t\t\t\t<figcaption class=\"widget-image-caption wp-caption-text\">Mothers<\/figcaption>\n\t\t\t\t\t\t\t\t\t\t<\/figure>\n\t\t\t\t\t\t\t\t\t<\/div>\n\t\t\t\t<\/div>\n\t\t\t\t<div class=\"elementor-element elementor-element-1414f1a elementor-widget elementor-widget-image\" data-id=\"1414f1a\" data-element_type=\"widget\" data-e-type=\"widget\" data-widget_type=\"image.default\">\n\t\t\t\t<div class=\"elementor-widget-container\">\n\t\t\t\t\t\t\t\t\t\t\t\t<figure class=\"wp-caption\">\n\t\t\t\t\t\t\t\t\t\t\t<a href=\"https:\/\/www.feinstaubfilm.at\/en\/zu-ebener-erde\/\">\n\t\t\t\t\t\t\t<img decoding=\"async\" width=\"1024\" height=\"576\" src=\"https:\/\/www.feinstaubfilm.at\/wp-content\/uploads\/2026\/02\/obdachlos-1024x576.jpg\" class=\"attachment-large size-large wp-image-4364\" alt=\"Zu ebener Erde\" srcset=\"https:\/\/www.feinstaubfilm.at\/wp-content\/uploads\/2026\/02\/obdachlos-1024x576.jpg 1024w, https:\/\/www.feinstaubfilm.at\/wp-content\/uploads\/2026\/02\/obdachlos-300x169.jpg 300w, https:\/\/www.feinstaubfilm.at\/wp-content\/uploads\/2026\/02\/obdachlos-768x432.jpg 768w, https:\/\/www.feinstaubfilm.at\/wp-content\/uploads\/2026\/02\/obdachlos-18x10.jpg 18w, https:\/\/www.feinstaubfilm.at\/wp-content\/uploads\/2026\/02\/obdachlos.jpg 1200w\" sizes=\"(max-width: 1024px) 100vw, 1024px\" \/>\t\t\t\t\t\t\t\t<\/a>\n\t\t\t\t\t\t\t\t\t\t\t<figcaption class=\"widget-image-caption wp-caption-text\">At ground level (navigatorfilm)<\/figcaption>\n\t\t\t\t\t\t\t\t\t\t<\/figure>\n\t\t\t\t\t\t\t\t\t<\/div>\n\t\t\t\t<\/div>\n\t\t\t\t<div class=\"elementor-element elementor-element-dfd4218 elementor-widget elementor-widget-image\" data-id=\"dfd4218\" data-element_type=\"widget\" data-e-type=\"widget\" data-widget_type=\"image.default\">\n\t\t\t\t<div class=\"elementor-widget-container\">\n\t\t\t\t\t\t\t\t\t\t\t\t<figure class=\"wp-caption\">\n\t\t\t\t\t\t\t\t\t\t\t<a href=\"https:\/\/www.feinstaubfilm.at\/en\/dreck-ist-freiheit\/\">\n\t\t\t\t\t\t\t<img decoding=\"async\" width=\"1024\" height=\"576\" src=\"https:\/\/www.feinstaubfilm.at\/wp-content\/uploads\/2026\/02\/DIF_01-1024x576.jpg\" class=\"attachment-large size-large wp-image-4367\" alt=\"Dreck ist Freiheit\" srcset=\"https:\/\/www.feinstaubfilm.at\/wp-content\/uploads\/2026\/02\/DIF_01-1024x576.jpg 1024w, https:\/\/www.feinstaubfilm.at\/wp-content\/uploads\/2026\/02\/DIF_01-300x169.jpg 300w, https:\/\/www.feinstaubfilm.at\/wp-content\/uploads\/2026\/02\/DIF_01-768x432.jpg 768w, https:\/\/www.feinstaubfilm.at\/wp-content\/uploads\/2026\/02\/DIF_01-1536x864.jpg 1536w, https:\/\/www.feinstaubfilm.at\/wp-content\/uploads\/2026\/02\/DIF_01-18x10.jpg 18w, https:\/\/www.feinstaubfilm.at\/wp-content\/uploads\/2026\/02\/DIF_01-1320x743.jpg 1320w, https:\/\/www.feinstaubfilm.at\/wp-content\/uploads\/2026\/02\/DIF_01.jpg 1920w\" sizes=\"(max-width: 1024px) 100vw, 1024px\" \/>\t\t\t\t\t\t\t\t<\/a>\n\t\t\t\t\t\t\t\t\t\t\t<figcaption class=\"widget-image-caption wp-caption-text\">Dirt is Freedom,<\/figcaption>\n\t\t\t\t\t\t\t\t\t\t<\/figure>\n\t\t\t\t\t\t\t\t\t<\/div>\n\t\t\t\t<\/div>\n\t\t\t\t<div class=\"elementor-element elementor-element-feb8697 elementor-widget elementor-widget-image\" data-id=\"feb8697\" data-element_type=\"widget\" data-e-type=\"widget\" data-widget_type=\"image.default\">\n\t\t\t\t<div class=\"elementor-widget-container\">\n\t\t\t\t\t\t\t\t\t\t\t\t<figure class=\"wp-caption\">\n\t\t\t\t\t\t\t\t\t\t\t<a href=\"https:\/\/www.feinstaubfilm.at\/en\/treibstoff\/\">\n\t\t\t\t\t\t\t<img loading=\"lazy\" decoding=\"async\" width=\"1024\" height=\"576\" src=\"https:\/\/www.feinstaubfilm.at\/wp-content\/uploads\/2026\/02\/Treibstoff_2-1024x576.jpg\" class=\"attachment-large size-large wp-image-4366\" alt=\"Treibstoff\" srcset=\"https:\/\/www.feinstaubfilm.at\/wp-content\/uploads\/2026\/02\/Treibstoff_2-1024x576.jpg 1024w, https:\/\/www.feinstaubfilm.at\/wp-content\/uploads\/2026\/02\/Treibstoff_2-300x169.jpg 300w, https:\/\/www.feinstaubfilm.at\/wp-content\/uploads\/2026\/02\/Treibstoff_2-768x432.jpg 768w, https:\/\/www.feinstaubfilm.at\/wp-content\/uploads\/2026\/02\/Treibstoff_2-1536x864.jpg 1536w, https:\/\/www.feinstaubfilm.at\/wp-content\/uploads\/2026\/02\/Treibstoff_2-18x10.jpg 18w, https:\/\/www.feinstaubfilm.at\/wp-content\/uploads\/2026\/02\/Treibstoff_2-1320x743.jpg 1320w, https:\/\/www.feinstaubfilm.at\/wp-content\/uploads\/2026\/02\/Treibstoff_2.jpg 1920w\" sizes=\"(max-width: 1024px) 100vw, 1024px\" \/>\t\t\t\t\t\t\t\t<\/a>\n\t\t\t\t\t\t\t\t\t\t\t<figcaption class=\"widget-image-caption wp-caption-text\">Fuel,<\/figcaption>\n\t\t\t\t\t\t\t\t\t\t<\/figure>\n\t\t\t\t\t\t\t\t\t<\/div>\n\t\t\t\t<\/div>\n\t\t\t\t<div class=\"elementor-element elementor-element-c3ebd11 elementor-widget elementor-widget-image\" data-id=\"c3ebd11\" data-element_type=\"widget\" data-e-type=\"widget\" data-widget_type=\"image.default\">\n\t\t\t\t<div class=\"elementor-widget-container\">\n\t\t\t\t\t\t\t\t\t\t\t\t<figure class=\"wp-caption\">\n\t\t\t\t\t\t\t\t\t\t\t<a href=\"https:\/\/www.feinstaubfilm.at\/en\/plakatieren-verboten\/\">\n\t\t\t\t\t\t\t<img loading=\"lazy\" decoding=\"async\" width=\"1024\" height=\"576\" src=\"https:\/\/www.feinstaubfilm.at\/wp-content\/uploads\/2026\/02\/plakatieren-verboten_02-1024x576.jpg\" class=\"attachment-large size-large wp-image-4365\" alt=\"Plakatieren Verboten\" srcset=\"https:\/\/www.feinstaubfilm.at\/wp-content\/uploads\/2026\/02\/plakatieren-verboten_02-1024x576.jpg 1024w, https:\/\/www.feinstaubfilm.at\/wp-content\/uploads\/2026\/02\/plakatieren-verboten_02-300x169.jpg 300w, https:\/\/www.feinstaubfilm.at\/wp-content\/uploads\/2026\/02\/plakatieren-verboten_02-768x432.jpg 768w, https:\/\/www.feinstaubfilm.at\/wp-content\/uploads\/2026\/02\/plakatieren-verboten_02-1536x864.jpg 1536w, https:\/\/www.feinstaubfilm.at\/wp-content\/uploads\/2026\/02\/plakatieren-verboten_02-18x10.jpg 18w, https:\/\/www.feinstaubfilm.at\/wp-content\/uploads\/2026\/02\/plakatieren-verboten_02-1320x743.jpg 1320w, https:\/\/www.feinstaubfilm.at\/wp-content\/uploads\/2026\/02\/plakatieren-verboten_02.jpg 1920w\" sizes=\"(max-width: 1024px) 100vw, 1024px\" \/>\t\t\t\t\t\t\t\t<\/a>\n\t\t\t\t\t\t\t\t\t\t\t<figcaption class=\"widget-image-caption wp-caption-text\">Postering Prohibited<\/figcaption>\n\t\t\t\t\t\t\t\t\t\t<\/figure>\n\t\t\t\t\t\t\t\t\t<\/div>\n\t\t\t\t<\/div>\n\t\t\t\t<div class=\"elementor-element elementor-element-425e158 elementor-widget elementor-widget-image\" data-id=\"425e158\" data-element_type=\"widget\" data-e-type=\"widget\" data-widget_type=\"image.default\">\n\t\t\t\t<div class=\"elementor-widget-container\">\n\t\t\t\t\t\t\t\t\t\t\t\t<figure class=\"wp-caption\">\n\t\t\t\t\t\t\t\t\t\t\t<a href=\"https:\/\/www.feinstaubfilm.at\/en\/neustart-in-afghanistan\/\">\n\t\t\t\t\t\t\t<img loading=\"lazy\" decoding=\"async\" width=\"1024\" height=\"590\" src=\"https:\/\/www.feinstaubfilm.at\/wp-content\/uploads\/2026\/02\/neustart-1024x590.png\" class=\"attachment-large size-large wp-image-4363\" alt=\"Neustart in Afghanistan\" srcset=\"https:\/\/www.feinstaubfilm.at\/wp-content\/uploads\/2026\/02\/neustart-1024x590.png 1024w, https:\/\/www.feinstaubfilm.at\/wp-content\/uploads\/2026\/02\/neustart-300x173.png 300w, https:\/\/www.feinstaubfilm.at\/wp-content\/uploads\/2026\/02\/neustart-768x442.png 768w, https:\/\/www.feinstaubfilm.at\/wp-content\/uploads\/2026\/02\/neustart-18x10.png 18w, https:\/\/www.feinstaubfilm.at\/wp-content\/uploads\/2026\/02\/neustart-1320x760.png 1320w, https:\/\/www.feinstaubfilm.at\/wp-content\/uploads\/2026\/02\/neustart.png 1432w\" sizes=\"(max-width: 1024px) 100vw, 1024px\" \/>\t\t\t\t\t\t\t\t<\/a>\n\t\t\t\t\t\t\t\t\t\t\t<figcaption class=\"widget-image-caption wp-caption-text\">New Start in Afghanistan,<\/figcaption>\n\t\t\t\t\t\t\t\t\t\t<\/figure>\n\t\t\t\t\t\t\t\t\t<\/div>\n\t\t\t\t<\/div>\n\t\t\t\t\t<\/div>\n\t\t\t\t<\/div>\n\t\t\t\t<section class=\"elementor-section elementor-top-section elementor-element elementor-element-532f005 elementor-section-boxed elementor-section-height-default elementor-section-height-default\" data-id=\"532f005\" data-element_type=\"section\" data-e-type=\"section\">\n\t\t\t\t\t\t<div class=\"elementor-container elementor-column-gap-default\">\n\t\t\t\t\t<div class=\"elementor-column elementor-col-100 elementor-top-column elementor-element elementor-element-df892c9\" data-id=\"df892c9\" data-element_type=\"column\" data-e-type=\"column\">\n\t\t\t<div class=\"elementor-widget-wrap elementor-element-populated\">\n\t\t\t\t\t\t<div class=\"elementor-element elementor-element-1c9fe21 elementor-widget elementor-widget-spacer\" data-id=\"1c9fe21\" data-element_type=\"widget\" data-e-type=\"widget\" data-widget_type=\"spacer.default\">\n\t\t\t\t<div class=\"elementor-widget-container\">\n\t\t\t\t\t\t\t<div class=\"elementor-spacer\">\n\t\t\t<div class=\"elementor-spacer-inner\"><\/div>\n\t\t<\/div>\n\t\t\t\t\t\t<\/div>\n\t\t\t\t<\/div>\n\t\t\t\t\t<\/div>\n\t\t<\/div>\n\t\t\t\t\t<\/div>\n\t\t<\/section>\n\t\t\t\t<\/div>","protected":false},"excerpt":{"rendered":"<p>Films in production Mothers On the ground (navigatorfilm) Dirt is freedom Fuel Posters Forbidden Restart in Afghanistan<\/p>","protected":false},"author":1,"featured_media":0,"parent":0,"menu_order":0,"comment_status":"closed","ping_status":"closed","template":"","meta":{"site-sidebar-layout":"no-sidebar","site-content-layout":"page-builder","ast-site-content-layout":"default","site-content-style":"default","site-sidebar-style":"default","ast-global-header-display":"","ast-banner-title-visibility":"","ast-main-header-display":"","ast-hfb-above-header-display":"","ast-hfb-below-header-display":"","ast-hfb-mobile-header-display":"","site-post-title":"disabled","ast-breadcrumbs-content":"","ast-featured-img":"disabled","footer-sml-layout":"","ast-disable-related-posts":"","theme-transparent-header-meta":"disabled","adv-header-id-meta":"","stick-header-meta":"","header-above-stick-meta":"","header-main-stick-meta":"","header-below-stick-meta":"","astra-migrate-meta-layouts":"default","ast-page-background-enabled":"default","ast-page-background-meta":{"desktop":{"background-color":"","background-image":"","background-repeat":"repeat","background-position":"center center","background-size":"auto","background-attachment":"scroll","background-type":"","background-media":"","overlay-type":"","overlay-color":"","overlay-opacity":"","overlay-gradient":""},"tablet":{"background-color":"","background-image":"","background-repeat":"repeat","background-position":"center center","background-size":"auto","background-attachment":"scroll","background-type":"","background-media":"","overlay-type":"","overlay-color":"","overlay-opacity":"","overlay-gradient":""},"mobile":{"background-color":"","background-image":"","background-repeat":"repeat","background-position":"center center","background-size":"auto","background-attachment":"scroll","background-type":"","background-media":"","overlay-type":"","overlay-color":"","overlay-opacity":"","overlay-gradient":""}},"ast-content-background-meta":{"desktop":{"background-color":"var(--ast-global-color-5)","background-image":"","background-repeat":"repeat","background-position":"center center","background-size":"auto","background-attachment":"scroll","background-type":"","background-media":"","overlay-type":"","overlay-color":"","overlay-opacity":"","overlay-gradient":""},"tablet":{"background-color":"var(--ast-global-color-5)","background-image":"","background-repeat":"repeat","background-position":"center center","background-size":"auto","background-attachment":"scroll","background-type":"","background-media":"","overlay-type":"","overlay-color":"","overlay-opacity":"","overlay-gradient":""},"mobile":{"background-color":"var(--ast-global-color-5)","background-image":"","background-repeat":"repeat","background-position":"center center","background-size":"auto","background-attachment":"scroll","background-type":"","background-media":"","overlay-type":"","overlay-color":"","overlay-opacity":"","overlay-gradient":""}},"iawp_total_views":307,"footnotes":""},"class_list":["post-540","page","type-page","status-publish","hentry"],"yoast_head":"<!-- This site is optimized with the Yoast SEO Premium plugin v27.0 (Yoast SEO v27.0) - https:\/\/yoast.com\/product\/yoast-seo-premium-wordpress\/ -->\n<title>Filme - feinstaubFILM<\/title>\n<meta name=\"description\" content=\"\u00d6sterreichische Filmemacher -Dreck ist Freiheit - Zu Ebener Erde - Treibstoff - Neustart in Afghanistan ...\" \/>\n<meta name=\"robots\" content=\"index, follow, max-snippet:-1, max-image-preview:large, max-video-preview:-1\" \/>\n<link rel=\"canonical\" href=\"https:\/\/www.feinstaubfilm.at\/en\/filme\/\" \/>\n<script type=\"application\/ld+json\" class=\"yoast-schema-graph\">{\"@context\":\"https:\/\/schema.org\",\"@graph\":[{\"@type\":\"WebPage\",\"@id\":\"https:\/\/www.feinstaubfilm.at\/filme\/\",\"url\":\"https:\/\/www.feinstaubfilm.at\/filme\/\",\"name\":\"Filme - feinstaubFILM\",\"isPartOf\":{\"@id\":\"https:\/\/www.feinstaubfilm.at\/#website\"},\"primaryImageOfPage\":{\"@id\":\"https:\/\/www.feinstaubfilm.at\/filme\/#primaryimage\"},\"image\":{\"@id\":\"https:\/\/www.feinstaubfilm.at\/filme\/#primaryimage\"},\"thumbnailUrl\":\"https:\/\/www.feinstaubfilm.at\/wp-content\/uploads\/2026\/02\/Muetter_Still01-1024x576.jpg\",\"datePublished\":\"2018-11-27T08:17:08+00:00\",\"dateModified\":\"2026-02-20T16:16:32+00:00\",\"description\":\"\u00d6sterreichische Filmemacher -Dreck ist Freiheit - Zu Ebener Erde - Treibstoff - Neustart in Afghanistan ...\",\"breadcrumb\":{\"@id\":\"https:\/\/www.feinstaubfilm.at\/filme\/#breadcrumb\"},\"inLanguage\":\"en-GB\",\"potentialAction\":[{\"@type\":\"ReadAction\",\"target\":[\"https:\/\/www.feinstaubfilm.at\/filme\/\"]}]},{\"@type\":\"ImageObject\",\"inLanguage\":\"en-GB\",\"@id\":\"https:\/\/www.feinstaubfilm.at\/filme\/#primaryimage\",\"url\":\"https:\/\/www.feinstaubfilm.at\/wp-content\/uploads\/2026\/02\/Muetter_Still01-1024x576.jpg\",\"contentUrl\":\"https:\/\/www.feinstaubfilm.at\/wp-content\/uploads\/2026\/02\/Muetter_Still01-1024x576.jpg\"},{\"@type\":\"BreadcrumbList\",\"@id\":\"https:\/\/www.feinstaubfilm.at\/filme\/#breadcrumb\",\"itemListElement\":[{\"@type\":\"ListItem\",\"position\":1,\"name\":\"Startseite\",\"item\":\"https:\/\/www.feinstaubfilm.at\/\"},{\"@type\":\"ListItem\",\"position\":2,\"name\":\"Filme\"}]},{\"@type\":\"WebSite\",\"@id\":\"https:\/\/www.feinstaubfilm.at\/#website\",\"url\":\"https:\/\/www.feinstaubfilm.at\/\",\"name\":\"feinstaubFILM\",\"description\":\"Birgit Bergmann, Regisseurin und Editorin macht Dokumentarfilme in \u00d6sterreich, lebt in Wien. Oliver Werani, Regisseur und Kameramann macht Dokumentarfilme in \u00d6sterreich, lebt in Wien. Zwei Filmemacher:innen haben den Verein feinstaubFILM gegr\u00fcndet um unabh\u00e4ngige Filme produzieren zu k\u00f6nnen.\",\"publisher\":{\"@id\":\"https:\/\/www.feinstaubfilm.at\/#organization\"},\"potentialAction\":[{\"@type\":\"SearchAction\",\"target\":{\"@type\":\"EntryPoint\",\"urlTemplate\":\"https:\/\/www.feinstaubfilm.at\/?s={search_term_string}\"},\"query-input\":{\"@type\":\"PropertyValueSpecification\",\"valueRequired\":true,\"valueName\":\"search_term_string\"}}],\"inLanguage\":\"en-GB\"},{\"@type\":\"Organization\",\"@id\":\"https:\/\/www.feinstaubfilm.at\/#organization\",\"name\":\"feinstaubFILM\",\"url\":\"https:\/\/www.feinstaubfilm.at\/\",\"logo\":{\"@type\":\"ImageObject\",\"inLanguage\":\"en-GB\",\"@id\":\"https:\/\/www.feinstaubfilm.at\/#\/schema\/logo\/image\/\",\"url\":\"https:\/\/www.feinstaubfilm.at\/wp-content\/uploads\/2022\/10\/MUeTTER_STILL_1.30.1.jpg\",\"contentUrl\":\"https:\/\/www.feinstaubfilm.at\/wp-content\/uploads\/2022\/10\/MUeTTER_STILL_1.30.1.jpg\",\"width\":1920,\"height\":1080,\"caption\":\"feinstaubFILM\"},\"image\":{\"@id\":\"https:\/\/www.feinstaubfilm.at\/#\/schema\/logo\/image\/\"}}]}<\/script>\n<!-- \/ Yoast SEO Premium plugin. -->","yoast_head_json":{"title":"Films - feinstaubFILM","description":"Austrian filmmakers - Dirt is freedom - On level ground - Fuel - New start in Afghanistan ...","robots":{"index":"index","follow":"follow","max-snippet":"max-snippet:-1","max-image-preview":"max-image-preview:large","max-video-preview":"max-video-preview:-1"},"canonical":"https:\/\/www.feinstaubfilm.at\/en\/filme\/","schema":{"@context":"https:\/\/schema.org","@graph":[{"@type":"WebPage","@id":"https:\/\/www.feinstaubfilm.at\/filme\/","url":"https:\/\/www.feinstaubfilm.at\/filme\/","name":"Films - feinstaubFILM","isPartOf":{"@id":"https:\/\/www.feinstaubfilm.at\/#website"},"primaryImageOfPage":{"@id":"https:\/\/www.feinstaubfilm.at\/filme\/#primaryimage"},"image":{"@id":"https:\/\/www.feinstaubfilm.at\/filme\/#primaryimage"},"thumbnailUrl":"https:\/\/www.feinstaubfilm.at\/wp-content\/uploads\/2026\/02\/Muetter_Still01-1024x576.jpg","datePublished":"2018-11-27T08:17:08+00:00","dateModified":"2026-02-20T16:16:32+00:00","description":"Austrian filmmakers - Dirt is freedom - On level ground - Fuel - New start in Afghanistan ...","breadcrumb":{"@id":"https:\/\/www.feinstaubfilm.at\/filme\/#breadcrumb"},"inLanguage":"en-GB","potentialAction":[{"@type":"ReadAction","target":["https:\/\/www.feinstaubfilm.at\/filme\/"]}]},{"@type":"ImageObject","inLanguage":"en-GB","@id":"https:\/\/www.feinstaubfilm.at\/filme\/#primaryimage","url":"https:\/\/www.feinstaubfilm.at\/wp-content\/uploads\/2026\/02\/Muetter_Still01-1024x576.jpg","contentUrl":"https:\/\/www.feinstaubfilm.at\/wp-content\/uploads\/2026\/02\/Muetter_Still01-1024x576.jpg"},{"@type":"BreadcrumbList","@id":"https:\/\/www.feinstaubfilm.at\/filme\/#breadcrumb","itemListElement":[{"@type":"ListItem","position":1,"name":"Startseite","item":"https:\/\/www.feinstaubfilm.at\/"},{"@type":"ListItem","position":2,"name":"Filme"}]},{"@type":"WebSite","@id":"https:\/\/www.feinstaubfilm.at\/#website","url":"https:\/\/www.feinstaubfilm.at\/","name":"fine dustFILM","description":"Birgit Bergmann, director and editor makes documentary films in Austria, lives in Vienna. Oliver Werani, director and cameraman makes documentary films in Austria, lives in Vienna. Two filmmakers have founded the feinstaubFILM association to produce independent films.","publisher":{"@id":"https:\/\/www.feinstaubfilm.at\/#organization"},"potentialAction":[{"@type":"SearchAction","target":{"@type":"EntryPoint","urlTemplate":"https:\/\/www.feinstaubfilm.at\/?s={search_term_string}"},"query-input":{"@type":"PropertyValueSpecification","valueRequired":true,"valueName":"search_term_string"}}],"inLanguage":"en-GB"},{"@type":"Organization","@id":"https:\/\/www.feinstaubfilm.at\/#organization","name":"fine dustFILM","url":"https:\/\/www.feinstaubfilm.at\/","logo":{"@type":"ImageObject","inLanguage":"en-GB","@id":"https:\/\/www.feinstaubfilm.at\/#\/schema\/logo\/image\/","url":"https:\/\/www.feinstaubfilm.at\/wp-content\/uploads\/2022\/10\/MUeTTER_STILL_1.30.1.jpg","contentUrl":"https:\/\/www.feinstaubfilm.at\/wp-content\/uploads\/2022\/10\/MUeTTER_STILL_1.30.1.jpg","width":1920,"height":1080,"caption":"feinstaubFILM"},"image":{"@id":"https:\/\/www.feinstaubfilm.at\/#\/schema\/logo\/image\/"}}]}},"_links":{"self":[{"href":"https:\/\/www.feinstaubfilm.at\/en\/wp-json\/wp\/v2\/pages\/540","targetHints":{"allow":["GET"]}}],"collection":[{"href":"https:\/\/www.feinstaubfilm.at\/en\/wp-json\/wp\/v2\/pages"}],"about":[{"href":"https:\/\/www.feinstaubfilm.at\/en\/wp-json\/wp\/v2\/types\/page"}],"author":[{"embeddable":true,"href":"https:\/\/www.feinstaubfilm.at\/en\/wp-json\/wp\/v2\/users\/1"}],"replies":[{"embeddable":true,"href":"https:\/\/www.feinstaubfilm.at\/en\/wp-json\/wp\/v2\/comments?post=540"}],"version-history":[{"count":236,"href":"https:\/\/www.feinstaubfilm.at\/en\/wp-json\/wp\/v2\/pages\/540\/revisions"}],"predecessor-version":[{"id":4657,"href":"https:\/\/www.feinstaubfilm.at\/en\/wp-json\/wp\/v2\/pages\/540\/revisions\/4657"}],"wp:attachment":[{"href":"https:\/\/www.feinstaubfilm.at\/en\/wp-json\/wp\/v2\/media?parent=540"}],"curies":[{"name":"wp","href":"https:\/\/api.w.org\/{rel}","templated":true}]}}