{"id":4311,"date":"2026-02-12T09:24:03","date_gmt":"2026-02-12T08:24:03","guid":{"rendered":"https:\/\/www.feinstaubfilm.at\/?page_id=4311"},"modified":"2026-02-12T10:11:41","modified_gmt":"2026-02-12T09:11:41","slug":"neustart-in-afghanistan","status":"publish","type":"page","link":"https:\/\/www.feinstaubfilm.at\/en\/neustart-in-afghanistan\/","title":{"rendered":"New Start in Afghanistan,"},"content":{"rendered":"<div data-elementor-type=\"wp-page\" data-elementor-id=\"4311\" class=\"elementor elementor-4311\">\n\t\t\t\t\t\t<section class=\"elementor-section elementor-top-section elementor-element elementor-element-271bd671 elementor-section-boxed elementor-section-height-default elementor-section-height-default\" data-id=\"271bd671\" data-element_type=\"section\" data-e-type=\"section\">\n\t\t\t\t\t\t<div class=\"elementor-container elementor-column-gap-default\">\n\t\t\t\t\t<div class=\"elementor-column elementor-col-50 elementor-top-column elementor-element elementor-element-21cf9b2a\" data-id=\"21cf9b2a\" data-element_type=\"column\" data-e-type=\"column\">\n\t\t\t<div class=\"elementor-widget-wrap elementor-element-populated\">\n\t\t\t\t\t\t<div class=\"elementor-element elementor-element-ed56c4d elementor-widget elementor-widget-text-editor\" data-id=\"ed56c4d\" data-element_type=\"widget\" data-e-type=\"widget\" data-widget_type=\"text-editor.default\">\n\t\t\t\t<div class=\"elementor-widget-container\">\n\t\t\t\t\t\t\t\t\t<p>2019 <strong>\"New Start in Afghanistan\"<\/strong><span style=\"font-style: inherit; font-weight: inherit;\"><a href=\"http:\/\/www.klappeauf.at\/neustart-in-afghanistan\/\" target=\"_blank\" rel=\"noopener\">#FlapOpen<\/a> Contribution<br \/><\/span><span style=\"font-style: inherit; font-weight: inherit;\">\u00a0Appearance in numerous Austrian cinemas as a supporting film<\/span><\/p>\t\t\t\t\t\t\t\t<\/div>\n\t\t\t\t<\/div>\n\t\t\t\t\t<\/div>\n\t\t<\/div>\n\t\t\t\t<div class=\"elementor-column elementor-col-50 elementor-top-column elementor-element elementor-element-61c445f\" data-id=\"61c445f\" data-element_type=\"column\" data-e-type=\"column\">\n\t\t\t<div class=\"elementor-widget-wrap elementor-element-populated\">\n\t\t\t\t\t\t<div class=\"elementor-element elementor-element-3963aded elementor-widget elementor-widget-video\" data-id=\"3963aded\" data-element_type=\"widget\" data-e-type=\"widget\" data-settings=\"{&quot;video_type&quot;:&quot;hosted&quot;,&quot;controls&quot;:&quot;yes&quot;}\" data-widget_type=\"video.default\">\n\t\t\t\t<div class=\"elementor-widget-container\">\n\t\t\t\t\t\t\t<div class=\"e-hosted-video elementor-wrapper elementor-open-inline\">\n\t\t\t\t\t<video class=\"elementor-video\" src=\"https:\/\/www.feinstaubfilm.at\/wp-content\/uploads\/2022\/04\/Neustart-in-Afghanistan.mp4\" controls=\"\" preload=\"auto\" controlslist=\"nodownload\" poster=\"https:\/\/www.feinstaubfilm.at\/wp-content\/uploads\/2022\/04\/neustart_thumbnail.jpg\"><\/video>\n\t\t\t\t<\/div>\n\t\t\t\t\t\t<\/div>\n\t\t\t\t<\/div>\n\t\t\t\t\t<\/div>\n\t\t<\/div>\n\t\t\t\t\t<\/div>\n\t\t<\/section>\n\t\t\t\t<\/div>","protected":false},"excerpt":{"rendered":"<p>2019 \u201eRestart in Afghanistan \u201c#FlapOn contribution Appearance in numerous Austrian cinemas as a supporting film https:\/\/www.feinstaubfilm.at\/wp-content\/uploads\/2022\/04\/Neustart-in-Afghanistan.mp4<\/p>","protected":false},"author":1,"featured_media":0,"parent":0,"menu_order":0,"comment_status":"closed","ping_status":"closed","template":"","meta":{"site-sidebar-layout":"no-sidebar","site-content-layout":"page-builder","ast-site-content-layout":"full-width-container","site-content-style":"default","site-sidebar-style":"default","ast-global-header-display":"","ast-banner-title-visibility":"","ast-main-header-display":"","ast-hfb-above-header-display":"","ast-hfb-below-header-display":"","ast-hfb-mobile-header-display":"","site-post-title":"disabled","ast-breadcrumbs-content":"","ast-featured-img":"disabled","footer-sml-layout":"","ast-disable-related-posts":"","theme-transparent-header-meta":"","adv-header-id-meta":"","stick-header-meta":"","header-above-stick-meta":"","header-main-stick-meta":"","header-below-stick-meta":"","astra-migrate-meta-layouts":"set","ast-page-background-enabled":"default","ast-page-background-meta":{"desktop":{"background-color":"","background-image":"","background-repeat":"repeat","background-position":"center center","background-size":"auto","background-attachment":"scroll","background-type":"","background-media":"","overlay-type":"","overlay-color":"","overlay-opacity":"","overlay-gradient":""},"tablet":{"background-color":"","background-image":"","background-repeat":"repeat","background-position":"center center","background-size":"auto","background-attachment":"scroll","background-type":"","background-media":"","overlay-type":"","overlay-color":"","overlay-opacity":"","overlay-gradient":""},"mobile":{"background-color":"","background-image":"","background-repeat":"repeat","background-position":"center center","background-size":"auto","background-attachment":"scroll","background-type":"","background-media":"","overlay-type":"","overlay-color":"","overlay-opacity":"","overlay-gradient":""}},"ast-content-background-meta":{"desktop":{"background-color":"var(--ast-global-color-5)","background-image":"","background-repeat":"repeat","background-position":"center center","background-size":"auto","background-attachment":"scroll","background-type":"","background-media":"","overlay-type":"","overlay-color":"","overlay-opacity":"","overlay-gradient":""},"tablet":{"background-color":"var(--ast-global-color-5)","background-image":"","background-repeat":"repeat","background-position":"center center","background-size":"auto","background-attachment":"scroll","background-type":"","background-media":"","overlay-type":"","overlay-color":"","overlay-opacity":"","overlay-gradient":""},"mobile":{"background-color":"var(--ast-global-color-5)","background-image":"","background-repeat":"repeat","background-position":"center center","background-size":"auto","background-attachment":"scroll","background-type":"","background-media":"","overlay-type":"","overlay-color":"","overlay-opacity":"","overlay-gradient":""}},"iawp_total_views":8,"footnotes":""},"class_list":["post-4311","page","type-page","status-publish","hentry"],"yoast_head":"<!-- This site is optimized with the Yoast SEO Premium plugin v27.0 (Yoast SEO v27.0) - https:\/\/yoast.com\/product\/yoast-seo-premium-wordpress\/ -->\n<title>Neustart in Afghanistan - feinstaubFILM<\/title>\n<meta name=\"description\" content=\"\u00d6sterreichische Filmemacher\" \/>\n<meta name=\"robots\" content=\"index, follow, max-snippet:-1, max-image-preview:large, max-video-preview:-1\" \/>\n<link rel=\"canonical\" href=\"https:\/\/www.feinstaubfilm.at\/en\/neustart-in-afghanistan\/\" \/>\n<script type=\"application\/ld+json\" class=\"yoast-schema-graph\">{\"@context\":\"https:\/\/schema.org\",\"@graph\":[{\"@type\":\"WebPage\",\"@id\":\"https:\/\/www.feinstaubfilm.at\/neustart-in-afghanistan\/\",\"url\":\"https:\/\/www.feinstaubfilm.at\/neustart-in-afghanistan\/\",\"name\":\"Neustart in Afghanistan - feinstaubFILM\",\"isPartOf\":{\"@id\":\"https:\/\/www.feinstaubfilm.at\/#website\"},\"datePublished\":\"2026-02-12T08:24:03+00:00\",\"dateModified\":\"2026-02-12T09:11:41+00:00\",\"description\":\"\u00d6sterreichische Filmemacher\",\"breadcrumb\":{\"@id\":\"https:\/\/www.feinstaubfilm.at\/neustart-in-afghanistan\/#breadcrumb\"},\"inLanguage\":\"en-GB\",\"potentialAction\":[{\"@type\":\"ReadAction\",\"target\":[\"https:\/\/www.feinstaubfilm.at\/neustart-in-afghanistan\/\"]}]},{\"@type\":\"BreadcrumbList\",\"@id\":\"https:\/\/www.feinstaubfilm.at\/neustart-in-afghanistan\/#breadcrumb\",\"itemListElement\":[{\"@type\":\"ListItem\",\"position\":1,\"name\":\"Startseite\",\"item\":\"https:\/\/www.feinstaubfilm.at\/\"},{\"@type\":\"ListItem\",\"position\":2,\"name\":\"Neustart in Afghanistan\"}]},{\"@type\":\"WebSite\",\"@id\":\"https:\/\/www.feinstaubfilm.at\/#website\",\"url\":\"https:\/\/www.feinstaubfilm.at\/\",\"name\":\"feinstaubFILM\",\"description\":\"Birgit Bergmann, Regisseurin und Editorin macht Dokumentarfilme in \u00d6sterreich, lebt in Wien. Oliver Werani, Regisseur und Kameramann macht Dokumentarfilme in \u00d6sterreich, lebt in Wien. Zwei Filmemacher:innen haben den Verein feinstaubFILM gegr\u00fcndet um unabh\u00e4ngige Filme produzieren zu k\u00f6nnen.\",\"publisher\":{\"@id\":\"https:\/\/www.feinstaubfilm.at\/#organization\"},\"potentialAction\":[{\"@type\":\"SearchAction\",\"target\":{\"@type\":\"EntryPoint\",\"urlTemplate\":\"https:\/\/www.feinstaubfilm.at\/?s={search_term_string}\"},\"query-input\":{\"@type\":\"PropertyValueSpecification\",\"valueRequired\":true,\"valueName\":\"search_term_string\"}}],\"inLanguage\":\"en-GB\"},{\"@type\":\"Organization\",\"@id\":\"https:\/\/www.feinstaubfilm.at\/#organization\",\"name\":\"feinstaubFILM\",\"url\":\"https:\/\/www.feinstaubfilm.at\/\",\"logo\":{\"@type\":\"ImageObject\",\"inLanguage\":\"en-GB\",\"@id\":\"https:\/\/www.feinstaubfilm.at\/#\/schema\/logo\/image\/\",\"url\":\"https:\/\/www.feinstaubfilm.at\/wp-content\/uploads\/2022\/10\/MUeTTER_STILL_1.30.1.jpg\",\"contentUrl\":\"https:\/\/www.feinstaubfilm.at\/wp-content\/uploads\/2022\/10\/MUeTTER_STILL_1.30.1.jpg\",\"width\":1920,\"height\":1080,\"caption\":\"feinstaubFILM\"},\"image\":{\"@id\":\"https:\/\/www.feinstaubfilm.at\/#\/schema\/logo\/image\/\"}}]}<\/script>\n<!-- \/ Yoast SEO Premium plugin. -->","yoast_head_json":{"title":"Neustart in Afghanistan - feinstaubFILM","description":"Austrian filmmakers","robots":{"index":"index","follow":"follow","max-snippet":"max-snippet:-1","max-image-preview":"max-image-preview:large","max-video-preview":"max-video-preview:-1"},"canonical":"https:\/\/www.feinstaubfilm.at\/en\/neustart-in-afghanistan\/","schema":{"@context":"https:\/\/schema.org","@graph":[{"@type":"WebPage","@id":"https:\/\/www.feinstaubfilm.at\/neustart-in-afghanistan\/","url":"https:\/\/www.feinstaubfilm.at\/neustart-in-afghanistan\/","name":"Neustart in Afghanistan - feinstaubFILM","isPartOf":{"@id":"https:\/\/www.feinstaubfilm.at\/#website"},"datePublished":"2026-02-12T08:24:03+00:00","dateModified":"2026-02-12T09:11:41+00:00","description":"Austrian filmmakers","breadcrumb":{"@id":"https:\/\/www.feinstaubfilm.at\/neustart-in-afghanistan\/#breadcrumb"},"inLanguage":"en-GB","potentialAction":[{"@type":"ReadAction","target":["https:\/\/www.feinstaubfilm.at\/neustart-in-afghanistan\/"]}]},{"@type":"BreadcrumbList","@id":"https:\/\/www.feinstaubfilm.at\/neustart-in-afghanistan\/#breadcrumb","itemListElement":[{"@type":"ListItem","position":1,"name":"Startseite","item":"https:\/\/www.feinstaubfilm.at\/"},{"@type":"ListItem","position":2,"name":"Neustart in Afghanistan"}]},{"@type":"WebSite","@id":"https:\/\/www.feinstaubfilm.at\/#website","url":"https:\/\/www.feinstaubfilm.at\/","name":"fine dustFILM","description":"Birgit Bergmann, director and editor makes documentary films in Austria, lives in Vienna. Oliver Werani, director and cameraman makes documentary films in Austria, lives in Vienna. Two filmmakers have founded the feinstaubFILM association to produce independent films.","publisher":{"@id":"https:\/\/www.feinstaubfilm.at\/#organization"},"potentialAction":[{"@type":"SearchAction","target":{"@type":"EntryPoint","urlTemplate":"https:\/\/www.feinstaubfilm.at\/?s={search_term_string}"},"query-input":{"@type":"PropertyValueSpecification","valueRequired":true,"valueName":"search_term_string"}}],"inLanguage":"en-GB"},{"@type":"Organization","@id":"https:\/\/www.feinstaubfilm.at\/#organization","name":"fine dustFILM","url":"https:\/\/www.feinstaubfilm.at\/","logo":{"@type":"ImageObject","inLanguage":"en-GB","@id":"https:\/\/www.feinstaubfilm.at\/#\/schema\/logo\/image\/","url":"https:\/\/www.feinstaubfilm.at\/wp-content\/uploads\/2022\/10\/MUeTTER_STILL_1.30.1.jpg","contentUrl":"https:\/\/www.feinstaubfilm.at\/wp-content\/uploads\/2022\/10\/MUeTTER_STILL_1.30.1.jpg","width":1920,"height":1080,"caption":"feinstaubFILM"},"image":{"@id":"https:\/\/www.feinstaubfilm.at\/#\/schema\/logo\/image\/"}}]}},"_links":{"self":[{"href":"https:\/\/www.feinstaubfilm.at\/en\/wp-json\/wp\/v2\/pages\/4311","targetHints":{"allow":["GET"]}}],"collection":[{"href":"https:\/\/www.feinstaubfilm.at\/en\/wp-json\/wp\/v2\/pages"}],"about":[{"href":"https:\/\/www.feinstaubfilm.at\/en\/wp-json\/wp\/v2\/types\/page"}],"author":[{"embeddable":true,"href":"https:\/\/www.feinstaubfilm.at\/en\/wp-json\/wp\/v2\/users\/1"}],"replies":[{"embeddable":true,"href":"https:\/\/www.feinstaubfilm.at\/en\/wp-json\/wp\/v2\/comments?post=4311"}],"version-history":[{"count":4,"href":"https:\/\/www.feinstaubfilm.at\/en\/wp-json\/wp\/v2\/pages\/4311\/revisions"}],"predecessor-version":[{"id":4338,"href":"https:\/\/www.feinstaubfilm.at\/en\/wp-json\/wp\/v2\/pages\/4311\/revisions\/4338"}],"wp:attachment":[{"href":"https:\/\/www.feinstaubfilm.at\/en\/wp-json\/wp\/v2\/media?parent=4311"}],"curies":[{"name":"wp","href":"https:\/\/api.w.org\/{rel}","templated":true}]}}