{"id":4202,"date":"2026-02-03T10:20:30","date_gmt":"2026-02-03T09:20:30","guid":{"rendered":"https:\/\/www.feinstaubfilm.at\/?page_id=4202"},"modified":"2026-02-14T22:06:04","modified_gmt":"2026-02-14T21:06:04","slug":"in-herstellung","status":"publish","type":"page","link":"https:\/\/www.feinstaubfilm.at\/en\/in-herstellung\/","title":{"rendered":"in production"},"content":{"rendered":"<div data-elementor-type=\"wp-page\" data-elementor-id=\"4202\" class=\"elementor elementor-4202\">\n\t\t\t\t\t\t<section class=\"elementor-section elementor-top-section elementor-element elementor-element-372ac98 elementor-section-boxed elementor-section-height-default elementor-section-height-default\" data-id=\"372ac98\" data-element_type=\"section\" data-e-type=\"section\">\n\t\t\t\t\t\t<div class=\"elementor-container elementor-column-gap-default\">\n\t\t\t\t\t<div class=\"elementor-column elementor-col-100 elementor-top-column elementor-element elementor-element-fbf4606\" data-id=\"fbf4606\" data-element_type=\"column\" data-e-type=\"column\">\n\t\t\t<div class=\"elementor-widget-wrap\">\n\t\t\t\t\t\t\t<\/div>\n\t\t<\/div>\n\t\t\t\t\t<\/div>\n\t\t<\/section>\n\t\t\t\t<section class=\"elementor-section elementor-top-section elementor-element elementor-element-2bca336 elementor-section-boxed elementor-section-height-default elementor-section-height-default\" data-id=\"2bca336\" data-element_type=\"section\" data-e-type=\"section\">\n\t\t\t\t\t\t<div class=\"elementor-container elementor-column-gap-default\">\n\t\t\t\t\t<div class=\"elementor-column elementor-col-100 elementor-top-column elementor-element elementor-element-1bcdc4d\" data-id=\"1bcdc4d\" data-element_type=\"column\" data-e-type=\"column\">\n\t\t\t<div class=\"elementor-widget-wrap elementor-element-populated\">\n\t\t\t\t\t\t<div class=\"elementor-element elementor-element-178991e elementor-widget elementor-widget-heading\" data-id=\"178991e\" data-element_type=\"widget\" data-e-type=\"widget\" data-widget_type=\"heading.default\">\n\t\t\t\t<div class=\"elementor-widget-container\">\n\t\t\t\t\t<h2 class=\"elementor-heading-title elementor-size-default\">in production<\/h2>\t\t\t\t<\/div>\n\t\t\t\t<\/div>\n\t\t\t\t\t<\/div>\n\t\t<\/div>\n\t\t\t\t\t<\/div>\n\t\t<\/section>\n\t\t\t\t<section class=\"elementor-section elementor-top-section elementor-element elementor-element-bb276e5 elementor-section-boxed elementor-section-height-default elementor-section-height-default\" data-id=\"bb276e5\" data-element_type=\"section\" data-e-type=\"section\">\n\t\t\t\t\t\t<div class=\"elementor-container elementor-column-gap-default\">\n\t\t\t\t\t<div class=\"elementor-column elementor-col-50 elementor-top-column elementor-element elementor-element-a788a4c\" data-id=\"a788a4c\" data-element_type=\"column\" data-e-type=\"column\">\n\t\t\t<div class=\"elementor-widget-wrap elementor-element-populated\">\n\t\t\t\t\t\t<div class=\"elementor-element elementor-element-1ba09a9 elementor-widget elementor-widget-text-editor\" data-id=\"1ba09a9\" data-element_type=\"widget\" data-e-type=\"widget\" data-widget_type=\"text-editor.default\">\n\t\t\t\t<div class=\"elementor-widget-container\">\n\t\t\t\t\t\t\t\t\t<p><strong>G\u00dcNTER\u00a0<\/strong><\/p><p>documentary, in production<\/p><p>by Birgit Bergmann, DOP Oliver Werani<\/p><p>Somewhere in Lower Austria, a clairvoyant man shrouded in smoke primarily treats cancer patients. \nA portrait of G\u00fcnter<\/p>\t\t\t\t\t\t\t\t<\/div>\n\t\t\t\t<\/div>\n\t\t\t\t\t<\/div>\n\t\t<\/div>\n\t\t\t\t<div class=\"elementor-column elementor-col-50 elementor-top-column elementor-element elementor-element-ad90327\" data-id=\"ad90327\" data-element_type=\"column\" data-e-type=\"column\">\n\t\t\t<div class=\"elementor-widget-wrap elementor-element-populated\">\n\t\t\t\t\t\t<div class=\"elementor-element elementor-element-79bc7e2 elementor-widget elementor-widget-image\" data-id=\"79bc7e2\" data-element_type=\"widget\" data-e-type=\"widget\" data-widget_type=\"image.default\">\n\t\t\t\t<div class=\"elementor-widget-container\">\n\t\t\t\t\t\t\t\t\t\t\t\t\t\t\t<img decoding=\"async\" src=\"https:\/\/www.feinstaubfilm.at\/wp-content\/uploads\/elementor\/thumbs\/guenter_schaut-in-buch_1.45.1-rblnovcc4bbl6hvaogahyhxddyspvckbum635izo7k.jpg\" title=\"g\u00fcnter_looks in book_1.45.1\" alt=\"gu\u0308nter_schaut in buch_1.45.1\" loading=\"lazy\" \/>\t\t\t\t\t\t\t\t\t\t\t\t\t\t\t<\/div>\n\t\t\t\t<\/div>\n\t\t\t\t\t<\/div>\n\t\t<\/div>\n\t\t\t\t\t<\/div>\n\t\t<\/section>\n\t\t\t\t<section class=\"elementor-section elementor-top-section elementor-element elementor-element-1c5cde2 elementor-section-boxed elementor-section-height-default elementor-section-height-default\" data-id=\"1c5cde2\" data-element_type=\"section\" data-e-type=\"section\">\n\t\t\t\t\t\t<div class=\"elementor-container elementor-column-gap-default\">\n\t\t\t\t\t<div class=\"elementor-column elementor-col-50 elementor-top-column elementor-element elementor-element-a38e8c5\" data-id=\"a38e8c5\" data-element_type=\"column\" data-e-type=\"column\">\n\t\t\t<div class=\"elementor-widget-wrap elementor-element-populated\">\n\t\t\t\t\t\t<div class=\"elementor-element elementor-element-689f7cc elementor-widget elementor-widget-text-editor\" data-id=\"689f7cc\" data-element_type=\"widget\" data-e-type=\"widget\" data-widget_type=\"text-editor.default\">\n\t\t\t\t<div class=\"elementor-widget-container\">\n\t\t\t\t\t\t\t\t\t<p><strong>Feminism and CONSTRUCTION<\/strong><\/p><p>a movie by Steffi FRanz and Eva Rammesmayer<\/p><p>90 min, in production<\/p><p>The documentary film Feminism Under Construction delves into the past and present of the Women's Center (FZ) through interviews and documentation of various protest actions.<\/p><p>Occupied in Vienna in 1981, this relic of the autonomous women's movement is currently under threat. Is a women's space still needed?<br \/>currently threatened in its existence. Do we still need a women's space?<\/p>\t\t\t\t\t\t\t\t<\/div>\n\t\t\t\t<\/div>\n\t\t\t\t\t<\/div>\n\t\t<\/div>\n\t\t\t\t<div class=\"elementor-column elementor-col-50 elementor-top-column elementor-element elementor-element-6eff930\" data-id=\"6eff930\" data-element_type=\"column\" data-e-type=\"column\">\n\t\t\t<div class=\"elementor-widget-wrap elementor-element-populated\">\n\t\t\t\t\t\t<div class=\"elementor-element elementor-element-754c7ca elementor-widget elementor-widget-image\" data-id=\"754c7ca\" data-element_type=\"widget\" data-e-type=\"widget\" data-widget_type=\"image.default\">\n\t\t\t\t<div class=\"elementor-widget-container\">\n\t\t\t\t\t\t\t\t\t\t\t\t\t\t\t\t<a href=\"https:\/\/www.feinstaubfilm.at\/wp-content\/uploads\/2025\/01\/Unbenannt-1.png\" data-elementor-open-lightbox=\"yes\" data-e-action-hash=\"#elementor-action%3Aaction%3Dlightbox%26settings%3DeyJpZCI6Mzc5NiwidXJsIjoiaHR0cHM6XC9cL3d3dy5mZWluc3RhdWJmaWxtLmF0XC93cC1jb250ZW50XC91cGxvYWRzXC8yMDI1XC8wMVwvVW5iZW5hbm50LTEucG5nIn0%3D\">\n\t\t\t\t\t\t\t<img decoding=\"async\" src=\"https:\/\/www.feinstaubfilm.at\/wp-content\/uploads\/elementor\/thumbs\/Unbenannt-1-r0gzobscrxb3rul8whw183hd4fmx76bllr28rtpdu8.png\" title=\"Untitled-1\" alt=\"Unbenannt-1\" loading=\"lazy\" \/>\t\t\t\t\t\t\t\t<\/a>\n\t\t\t\t\t\t\t\t\t\t\t\t\t\t\t<\/div>\n\t\t\t\t<\/div>\n\t\t\t\t\t<\/div>\n\t\t<\/div>\n\t\t\t\t\t<\/div>\n\t\t<\/section>\n\t\t\t\t<section class=\"elementor-section elementor-top-section elementor-element elementor-element-42ec1ae elementor-section-boxed elementor-section-height-default elementor-section-height-default\" data-id=\"42ec1ae\" data-element_type=\"section\" data-e-type=\"section\">\n\t\t\t\t\t\t<div class=\"elementor-container elementor-column-gap-default\">\n\t\t\t\t\t<div class=\"elementor-column elementor-col-100 elementor-top-column elementor-element elementor-element-fd9961d\" data-id=\"fd9961d\" data-element_type=\"column\" data-e-type=\"column\">\n\t\t\t<div class=\"elementor-widget-wrap elementor-element-populated\">\n\t\t\t\t\t\t<div class=\"elementor-element elementor-element-2acf5d1 elementor-widget elementor-widget-spacer\" data-id=\"2acf5d1\" data-element_type=\"widget\" data-e-type=\"widget\" data-widget_type=\"spacer.default\">\n\t\t\t\t<div class=\"elementor-widget-container\">\n\t\t\t\t\t\t\t<div class=\"elementor-spacer\">\n\t\t\t<div class=\"elementor-spacer-inner\"><\/div>\n\t\t<\/div>\n\t\t\t\t\t\t<\/div>\n\t\t\t\t<\/div>\n\t\t\t\t\t<\/div>\n\t\t<\/div>\n\t\t\t\t\t<\/div>\n\t\t<\/section>\n\t\t\t\t<\/div>","protected":false},"excerpt":{"rendered":"<p>in Herstellung G\u00dcNTER\u00a0 Dokumentarfilm, in Herstellung von Birgit Bergmann, Kamera: Oliver Werani Irgendwo in Nieder\u00f6sterreich behandelt ein in Rauch geh\u00fcllter, hellsichtiger Mann vorwiegend KrebspatientInnen. Ein Portrait \u00fcber G\u00fcnter. Feminismus unDEr CONSTRUCTION ein Film von Steffi Franz und Eva Rammesmayer 90 Min, in Herstellung Der Dokumentarfilm Feminismus unDEr CONSTRUCTION taucht mittels Interviews und der Dokumentation diverser [&hellip;]<\/p>","protected":false},"author":1,"featured_media":0,"parent":0,"menu_order":0,"comment_status":"closed","ping_status":"closed","template":"","meta":{"site-sidebar-layout":"no-sidebar","site-content-layout":"page-builder","ast-site-content-layout":"full-width-container","site-content-style":"default","site-sidebar-style":"default","ast-global-header-display":"","ast-banner-title-visibility":"","ast-main-header-display":"","ast-hfb-above-header-display":"","ast-hfb-below-header-display":"","ast-hfb-mobile-header-display":"","site-post-title":"disabled","ast-breadcrumbs-content":"","ast-featured-img":"disabled","footer-sml-layout":"","ast-disable-related-posts":"","theme-transparent-header-meta":"","adv-header-id-meta":"","stick-header-meta":"","header-above-stick-meta":"","header-main-stick-meta":"","header-below-stick-meta":"","astra-migrate-meta-layouts":"set","ast-page-background-enabled":"default","ast-page-background-meta":{"desktop":{"background-color":"","background-image":"","background-repeat":"repeat","background-position":"center center","background-size":"auto","background-attachment":"scroll","background-type":"","background-media":"","overlay-type":"","overlay-color":"","overlay-opacity":"","overlay-gradient":""},"tablet":{"background-color":"","background-image":"","background-repeat":"repeat","background-position":"center center","background-size":"auto","background-attachment":"scroll","background-type":"","background-media":"","overlay-type":"","overlay-color":"","overlay-opacity":"","overlay-gradient":""},"mobile":{"background-color":"","background-image":"","background-repeat":"repeat","background-position":"center center","background-size":"auto","background-attachment":"scroll","background-type":"","background-media":"","overlay-type":"","overlay-color":"","overlay-opacity":"","overlay-gradient":""}},"ast-content-background-meta":{"desktop":{"background-color":"var(--ast-global-color-5)","background-image":"","background-repeat":"repeat","background-position":"center center","background-size":"auto","background-attachment":"scroll","background-type":"","background-media":"","overlay-type":"","overlay-color":"","overlay-opacity":"","overlay-gradient":""},"tablet":{"background-color":"var(--ast-global-color-5)","background-image":"","background-repeat":"repeat","background-position":"center center","background-size":"auto","background-attachment":"scroll","background-type":"","background-media":"","overlay-type":"","overlay-color":"","overlay-opacity":"","overlay-gradient":""},"mobile":{"background-color":"var(--ast-global-color-5)","background-image":"","background-repeat":"repeat","background-position":"center center","background-size":"auto","background-attachment":"scroll","background-type":"","background-media":"","overlay-type":"","overlay-color":"","overlay-opacity":"","overlay-gradient":""}},"iawp_total_views":18,"footnotes":""},"class_list":["post-4202","page","type-page","status-publish","hentry"],"yoast_head":"<!-- This site is optimized with the Yoast SEO Premium plugin v27.0 (Yoast SEO v27.0) - https:\/\/yoast.com\/product\/yoast-seo-premium-wordpress\/ -->\n<title>in Herstellung - feinstaubFILM<\/title>\n<meta name=\"description\" content=\"\u00d6sterreichische Filmemacher\" \/>\n<meta name=\"robots\" content=\"index, follow, max-snippet:-1, max-image-preview:large, max-video-preview:-1\" \/>\n<link rel=\"canonical\" href=\"https:\/\/www.feinstaubfilm.at\/en\/in-herstellung\/\" \/>\n<script type=\"application\/ld+json\" class=\"yoast-schema-graph\">{\"@context\":\"https:\/\/schema.org\",\"@graph\":[{\"@type\":\"WebPage\",\"@id\":\"https:\/\/www.feinstaubfilm.at\/in-herstellung\/\",\"url\":\"https:\/\/www.feinstaubfilm.at\/in-herstellung\/\",\"name\":\"in Herstellung - feinstaubFILM\",\"isPartOf\":{\"@id\":\"https:\/\/www.feinstaubfilm.at\/#website\"},\"primaryImageOfPage\":{\"@id\":\"https:\/\/www.feinstaubfilm.at\/in-herstellung\/#primaryimage\"},\"image\":{\"@id\":\"https:\/\/www.feinstaubfilm.at\/in-herstellung\/#primaryimage\"},\"thumbnailUrl\":\"https:\/\/www.feinstaubfilm.at\/wp-content\/uploads\/elementor\/thumbs\/guenter_schaut-in-buch_1.45.1-rblnovcc4bbl6hvaogahyhxddyspvckbum635izo7k.jpg\",\"datePublished\":\"2026-02-03T09:20:30+00:00\",\"dateModified\":\"2026-02-14T21:06:04+00:00\",\"description\":\"\u00d6sterreichische Filmemacher\",\"breadcrumb\":{\"@id\":\"https:\/\/www.feinstaubfilm.at\/in-herstellung\/#breadcrumb\"},\"inLanguage\":\"en-GB\",\"potentialAction\":[{\"@type\":\"ReadAction\",\"target\":[\"https:\/\/www.feinstaubfilm.at\/in-herstellung\/\"]}]},{\"@type\":\"ImageObject\",\"inLanguage\":\"en-GB\",\"@id\":\"https:\/\/www.feinstaubfilm.at\/in-herstellung\/#primaryimage\",\"url\":\"https:\/\/www.feinstaubfilm.at\/wp-content\/uploads\/elementor\/thumbs\/guenter_schaut-in-buch_1.45.1-rblnovcc4bbl6hvaogahyhxddyspvckbum635izo7k.jpg\",\"contentUrl\":\"https:\/\/www.feinstaubfilm.at\/wp-content\/uploads\/elementor\/thumbs\/guenter_schaut-in-buch_1.45.1-rblnovcc4bbl6hvaogahyhxddyspvckbum635izo7k.jpg\"},{\"@type\":\"BreadcrumbList\",\"@id\":\"https:\/\/www.feinstaubfilm.at\/in-herstellung\/#breadcrumb\",\"itemListElement\":[{\"@type\":\"ListItem\",\"position\":1,\"name\":\"Startseite\",\"item\":\"https:\/\/www.feinstaubfilm.at\/\"},{\"@type\":\"ListItem\",\"position\":2,\"name\":\"in Herstellung\"}]},{\"@type\":\"WebSite\",\"@id\":\"https:\/\/www.feinstaubfilm.at\/#website\",\"url\":\"https:\/\/www.feinstaubfilm.at\/\",\"name\":\"feinstaubFILM\",\"description\":\"Birgit Bergmann, Regisseurin und Editorin macht Dokumentarfilme in \u00d6sterreich, lebt in Wien. Oliver Werani, Regisseur und Kameramann macht Dokumentarfilme in \u00d6sterreich, lebt in Wien. Zwei Filmemacher:innen haben den Verein feinstaubFILM gegr\u00fcndet um unabh\u00e4ngige Filme produzieren zu k\u00f6nnen.\",\"publisher\":{\"@id\":\"https:\/\/www.feinstaubfilm.at\/#organization\"},\"potentialAction\":[{\"@type\":\"SearchAction\",\"target\":{\"@type\":\"EntryPoint\",\"urlTemplate\":\"https:\/\/www.feinstaubfilm.at\/?s={search_term_string}\"},\"query-input\":{\"@type\":\"PropertyValueSpecification\",\"valueRequired\":true,\"valueName\":\"search_term_string\"}}],\"inLanguage\":\"en-GB\"},{\"@type\":\"Organization\",\"@id\":\"https:\/\/www.feinstaubfilm.at\/#organization\",\"name\":\"feinstaubFILM\",\"url\":\"https:\/\/www.feinstaubfilm.at\/\",\"logo\":{\"@type\":\"ImageObject\",\"inLanguage\":\"en-GB\",\"@id\":\"https:\/\/www.feinstaubfilm.at\/#\/schema\/logo\/image\/\",\"url\":\"https:\/\/www.feinstaubfilm.at\/wp-content\/uploads\/2022\/10\/MUeTTER_STILL_1.30.1.jpg\",\"contentUrl\":\"https:\/\/www.feinstaubfilm.at\/wp-content\/uploads\/2022\/10\/MUeTTER_STILL_1.30.1.jpg\",\"width\":1920,\"height\":1080,\"caption\":\"feinstaubFILM\"},\"image\":{\"@id\":\"https:\/\/www.feinstaubfilm.at\/#\/schema\/logo\/image\/\"}}]}<\/script>\n<!-- \/ Yoast SEO Premium plugin. -->","yoast_head_json":{"title":"in Herstellung - feinstaubFILM","description":"Austrian filmmakers","robots":{"index":"index","follow":"follow","max-snippet":"max-snippet:-1","max-image-preview":"max-image-preview:large","max-video-preview":"max-video-preview:-1"},"canonical":"https:\/\/www.feinstaubfilm.at\/en\/in-herstellung\/","schema":{"@context":"https:\/\/schema.org","@graph":[{"@type":"WebPage","@id":"https:\/\/www.feinstaubfilm.at\/in-herstellung\/","url":"https:\/\/www.feinstaubfilm.at\/in-herstellung\/","name":"in Herstellung - feinstaubFILM","isPartOf":{"@id":"https:\/\/www.feinstaubfilm.at\/#website"},"primaryImageOfPage":{"@id":"https:\/\/www.feinstaubfilm.at\/in-herstellung\/#primaryimage"},"image":{"@id":"https:\/\/www.feinstaubfilm.at\/in-herstellung\/#primaryimage"},"thumbnailUrl":"https:\/\/www.feinstaubfilm.at\/wp-content\/uploads\/elementor\/thumbs\/guenter_schaut-in-buch_1.45.1-rblnovcc4bbl6hvaogahyhxddyspvckbum635izo7k.jpg","datePublished":"2026-02-03T09:20:30+00:00","dateModified":"2026-02-14T21:06:04+00:00","description":"Austrian filmmakers","breadcrumb":{"@id":"https:\/\/www.feinstaubfilm.at\/in-herstellung\/#breadcrumb"},"inLanguage":"en-GB","potentialAction":[{"@type":"ReadAction","target":["https:\/\/www.feinstaubfilm.at\/in-herstellung\/"]}]},{"@type":"ImageObject","inLanguage":"en-GB","@id":"https:\/\/www.feinstaubfilm.at\/in-herstellung\/#primaryimage","url":"https:\/\/www.feinstaubfilm.at\/wp-content\/uploads\/elementor\/thumbs\/guenter_schaut-in-buch_1.45.1-rblnovcc4bbl6hvaogahyhxddyspvckbum635izo7k.jpg","contentUrl":"https:\/\/www.feinstaubfilm.at\/wp-content\/uploads\/elementor\/thumbs\/guenter_schaut-in-buch_1.45.1-rblnovcc4bbl6hvaogahyhxddyspvckbum635izo7k.jpg"},{"@type":"BreadcrumbList","@id":"https:\/\/www.feinstaubfilm.at\/in-herstellung\/#breadcrumb","itemListElement":[{"@type":"ListItem","position":1,"name":"Startseite","item":"https:\/\/www.feinstaubfilm.at\/"},{"@type":"ListItem","position":2,"name":"in Herstellung"}]},{"@type":"WebSite","@id":"https:\/\/www.feinstaubfilm.at\/#website","url":"https:\/\/www.feinstaubfilm.at\/","name":"fine dustFILM","description":"Birgit Bergmann, director and editor makes documentary films in Austria, lives in Vienna. Oliver Werani, director and cameraman makes documentary films in Austria, lives in Vienna. Two filmmakers have founded the feinstaubFILM association to produce independent films.","publisher":{"@id":"https:\/\/www.feinstaubfilm.at\/#organization"},"potentialAction":[{"@type":"SearchAction","target":{"@type":"EntryPoint","urlTemplate":"https:\/\/www.feinstaubfilm.at\/?s={search_term_string}"},"query-input":{"@type":"PropertyValueSpecification","valueRequired":true,"valueName":"search_term_string"}}],"inLanguage":"en-GB"},{"@type":"Organization","@id":"https:\/\/www.feinstaubfilm.at\/#organization","name":"fine dustFILM","url":"https:\/\/www.feinstaubfilm.at\/","logo":{"@type":"ImageObject","inLanguage":"en-GB","@id":"https:\/\/www.feinstaubfilm.at\/#\/schema\/logo\/image\/","url":"https:\/\/www.feinstaubfilm.at\/wp-content\/uploads\/2022\/10\/MUeTTER_STILL_1.30.1.jpg","contentUrl":"https:\/\/www.feinstaubfilm.at\/wp-content\/uploads\/2022\/10\/MUeTTER_STILL_1.30.1.jpg","width":1920,"height":1080,"caption":"feinstaubFILM"},"image":{"@id":"https:\/\/www.feinstaubfilm.at\/#\/schema\/logo\/image\/"}}]}},"_links":{"self":[{"href":"https:\/\/www.feinstaubfilm.at\/en\/wp-json\/wp\/v2\/pages\/4202","targetHints":{"allow":["GET"]}}],"collection":[{"href":"https:\/\/www.feinstaubfilm.at\/en\/wp-json\/wp\/v2\/pages"}],"about":[{"href":"https:\/\/www.feinstaubfilm.at\/en\/wp-json\/wp\/v2\/types\/page"}],"author":[{"embeddable":true,"href":"https:\/\/www.feinstaubfilm.at\/en\/wp-json\/wp\/v2\/users\/1"}],"replies":[{"embeddable":true,"href":"https:\/\/www.feinstaubfilm.at\/en\/wp-json\/wp\/v2\/comments?post=4202"}],"version-history":[{"count":13,"href":"https:\/\/www.feinstaubfilm.at\/en\/wp-json\/wp\/v2\/pages\/4202\/revisions"}],"predecessor-version":[{"id":4613,"href":"https:\/\/www.feinstaubfilm.at\/en\/wp-json\/wp\/v2\/pages\/4202\/revisions\/4613"}],"wp:attachment":[{"href":"https:\/\/www.feinstaubfilm.at\/en\/wp-json\/wp\/v2\/media?parent=4202"}],"curies":[{"name":"wp","href":"https:\/\/api.w.org\/{rel}","templated":true}]}}