{"id":3578,"date":"2025-01-07T10:05:46","date_gmt":"2025-01-07T09:05:46","guid":{"rendered":"https:\/\/www.feinstaubfilm.at\/?page_id=3578"},"modified":"2026-03-26T21:09:51","modified_gmt":"2026-03-26T20:09:51","slug":"oliver-werani","status":"publish","type":"page","link":"https:\/\/www.feinstaubfilm.at\/en\/oliver-werani\/","title":{"rendered":"Oliver Werani"},"content":{"rendered":"<div data-elementor-type=\"wp-page\" data-elementor-id=\"3578\" class=\"elementor elementor-3578\">\n\t\t\t\t\t\t<section class=\"elementor-section elementor-top-section elementor-element elementor-element-21f74c1 elementor-section-height-min-height elementor-hidden-mobile elementor-section-boxed elementor-section-height-default elementor-section-items-middle\" data-id=\"21f74c1\" data-element_type=\"section\" data-e-type=\"section\">\n\t\t\t\t\t\t<div class=\"elementor-container elementor-column-gap-default\">\n\t\t\t\t\t<div class=\"elementor-column elementor-col-50 elementor-top-column elementor-element elementor-element-6a392fc\" data-id=\"6a392fc\" data-element_type=\"column\" data-e-type=\"column\">\n\t\t\t<div class=\"elementor-widget-wrap elementor-element-populated\">\n\t\t\t\t\t\t<div class=\"elementor-element elementor-element-173344a elementor-widget elementor-widget-image\" data-id=\"173344a\" data-element_type=\"widget\" data-e-type=\"widget\" data-widget_type=\"image.default\">\n\t\t\t\t<div class=\"elementor-widget-container\">\n\t\t\t\t\t\t\t\t\t\t\t\t\t\t\t\t<a href=\"https:\/\/www.feinstaubfilm.at\/wp-content\/uploads\/2025\/04\/Oliver_Werani-scaled-e1744358626527.jpg\" data-elementor-open-lightbox=\"yes\" data-e-action-hash=\"#elementor-action%3Aaction%3Dlightbox%26settings%3DeyJpZCI6Mzk3NSwidXJsIjoiaHR0cHM6XC9cL3d3dy5mZWluc3RhdWJmaWxtLmF0XC93cC1jb250ZW50XC91cGxvYWRzXC8yMDI1XC8wNFwvT2xpdmVyX1dlcmFuaS1zY2FsZWQtZTE3NDQzNTg2MjY1MjcuanBnIn0%3D\">\n\t\t\t\t\t\t\t<img decoding=\"async\" src=\"https:\/\/www.feinstaubfilm.at\/wp-content\/uploads\/elementor\/thumbs\/Oliver_Werani-scaled-e1744358626527-r46yamiyhnm2ha861stn9tyy54n1d0mi6vcr63315s.jpg\" title=\"Oliver_Werani\" alt=\"Oliver_Werani\" loading=\"lazy\" \/>\t\t\t\t\t\t\t\t<\/a>\n\t\t\t\t\t\t\t\t\t\t\t\t\t\t\t<\/div>\n\t\t\t\t<\/div>\n\t\t\t\t\t<\/div>\n\t\t<\/div>\n\t\t\t\t<div class=\"elementor-column elementor-col-50 elementor-top-column elementor-element elementor-element-aad11e5\" data-id=\"aad11e5\" data-element_type=\"column\" data-e-type=\"column\">\n\t\t\t<div class=\"elementor-widget-wrap elementor-element-populated\">\n\t\t\t\t\t\t<div class=\"elementor-element elementor-element-e73c5c2 elementor-widget elementor-widget-text-editor\" data-id=\"e73c5c2\" data-element_type=\"widget\" data-e-type=\"widget\" data-widget_type=\"text-editor.default\">\n\t\t\t\t<div class=\"elementor-widget-container\">\n\t\t\t\t\t\t\t\t\t<p><strong>Oliver Werani<\/strong><\/p><p>Born and raised in Vienna in 1968<br \/>Studied sports science and geography and completed a three-year photography apprenticeship with Georg Klenovsky.<br \/>Worked as a travel journalist until 2006 (Asia, Ireland, and the British Isles) and gave multimedia presentations about the countries he visited until 2007.<br \/>Has worked as a freelance filmmaker since 2007.<br \/>He also works as a father and has two daughters.<\/p>\t\t\t\t\t\t\t\t<\/div>\n\t\t\t\t<\/div>\n\t\t\t\t\t<\/div>\n\t\t<\/div>\n\t\t\t\t\t<\/div>\n\t\t<\/section>\n\t\t\t\t<section class=\"elementor-section elementor-top-section elementor-element elementor-element-2be4d27 elementor-section-height-min-height elementor-hidden-desktop elementor-hidden-tablet elementor-section-boxed elementor-section-height-default elementor-section-items-middle\" data-id=\"2be4d27\" data-element_type=\"section\" data-e-type=\"section\">\n\t\t\t\t\t\t<div class=\"elementor-container elementor-column-gap-default\">\n\t\t\t\t\t<div class=\"elementor-column elementor-col-50 elementor-top-column elementor-element elementor-element-e5f7f70\" data-id=\"e5f7f70\" data-element_type=\"column\" data-e-type=\"column\">\n\t\t\t<div class=\"elementor-widget-wrap elementor-element-populated\">\n\t\t\t\t\t\t<div class=\"elementor-element elementor-element-e0b69e5 elementor-widget elementor-widget-image\" data-id=\"e0b69e5\" data-element_type=\"widget\" data-e-type=\"widget\" data-widget_type=\"image.default\">\n\t\t\t\t<div class=\"elementor-widget-container\">\n\t\t\t\t\t\t\t\t\t\t\t\t\t\t\t\t<a href=\"https:\/\/www.feinstaubfilm.at\/wp-content\/uploads\/2025\/01\/oliver.png\" data-elementor-open-lightbox=\"yes\" data-e-action-hash=\"#elementor-action%3Aaction%3Dlightbox%26settings%3DeyJpZCI6MzU3NSwidXJsIjoiaHR0cHM6XC9cL3d3dy5mZWluc3RhdWJmaWxtLmF0XC93cC1jb250ZW50XC91cGxvYWRzXC8yMDI1XC8wMVwvb2xpdmVyLnBuZyJ9\">\n\t\t\t\t\t\t\t<img decoding=\"async\" src=\"https:\/\/www.feinstaubfilm.at\/wp-content\/uploads\/elementor\/thumbs\/oliver-qznefxy5uuhtnplzme8l4rba6lelbin97b1fmyjrk4.png\" title=\"oliver\" alt=\"oliver\" loading=\"lazy\" \/>\t\t\t\t\t\t\t\t<\/a>\n\t\t\t\t\t\t\t\t\t\t\t\t\t\t\t<\/div>\n\t\t\t\t<\/div>\n\t\t\t\t\t<\/div>\n\t\t<\/div>\n\t\t\t\t<div class=\"elementor-column elementor-col-50 elementor-top-column elementor-element elementor-element-9ecdb73\" data-id=\"9ecdb73\" data-element_type=\"column\" data-e-type=\"column\">\n\t\t\t<div class=\"elementor-widget-wrap elementor-element-populated\">\n\t\t\t\t\t\t<div class=\"elementor-element elementor-element-4f727c6 elementor-widget elementor-widget-text-editor\" data-id=\"4f727c6\" data-element_type=\"widget\" data-e-type=\"widget\" data-widget_type=\"text-editor.default\">\n\t\t\t\t<div class=\"elementor-widget-container\">\n\t\t\t\t\t\t\t\t\t<p style=\"text-align: center;\"><strong>Oliver Werani<\/strong><\/p><p>Born and raised in Vienna in 1968<br \/>Studied sports science and geography and completed a three-year photography training programme with Georg Klenovsky.<br \/>Worked as a travel journalist until 2006 (Asia, Ireland, and the British Isles) and gave multimedia presentations about the countries he visited until 2007.<br \/>Has worked as a freelance filmmaker since 2007.<br \/>He also works as a father and has two daughters.<\/p>\t\t\t\t\t\t\t\t<\/div>\n\t\t\t\t<\/div>\n\t\t\t\t\t<\/div>\n\t\t<\/div>\n\t\t\t\t\t<\/div>\n\t\t<\/section>\n\t\t\t\t<section class=\"elementor-section elementor-top-section elementor-element elementor-element-eeb8565 elementor-section-boxed elementor-section-height-default elementor-section-height-default\" data-id=\"eeb8565\" data-element_type=\"section\" data-e-type=\"section\">\n\t\t\t\t\t\t<div class=\"elementor-container elementor-column-gap-default\">\n\t\t\t\t\t<div class=\"elementor-column elementor-col-100 elementor-top-column elementor-element elementor-element-24e5445\" data-id=\"24e5445\" data-element_type=\"column\" data-e-type=\"column\">\n\t\t\t<div class=\"elementor-widget-wrap elementor-element-populated\">\n\t\t\t\t\t\t<div class=\"elementor-element elementor-element-5c04697 elementor-widget elementor-widget-text-editor\" data-id=\"5c04697\" data-element_type=\"widget\" data-e-type=\"widget\" data-widget_type=\"text-editor.default\">\n\t\t\t\t<div class=\"elementor-widget-container\">\n\t\t\t\t\t\t\t\t\t<p><strong>DIRECTOR &amp; CAMERA<\/strong><\/p><p>2025 <strong>MOTHERS, <\/strong>Feature Documentary, 85 min together with Birgit Bergmann<\/p><p>2018 <strong>Down and Out,<\/strong>Feature Documentary, 91 min with Steffi Franz and Oliver Werani (Best Sound Design, Diagonale)<\/p><p>2013 <strong>Dirt is Freedom,<\/strong>Feature Documentary, 80 min with Steffi Franz and Oliver Werani (Audience Award, this human world festival<\/p><p>2012 <strong>Fuel,<\/strong>Feature Documentary, 74 min with Steffi Franz and Oliver Werani<\/p><p><strong>screenplay<\/strong><\/p><p>2026 <strong>Tell me how?<\/strong>\u00a0Documentary fiction, in development, together with Birgit Bergmann<\/p><p>2019 <strong>The House, <\/strong>Feature Film, Work in Progress<\/p><p><strong>Director of Photography<\/strong><\/p><p>2026 <strong>G\u00dcNTER<\/strong>, in production, Director: Birgit Bergmann<\/p><p>2021 <strong>Music Videos<\/strong> for Affinit\u00e1 Ensemble for Early Music,<\/p><p>(Purcell, Gottfried Finger, Johann Joseph Fux)<\/p><p>2018 <strong>New Start in Afghanistan,<\/strong>KlappeAuf feature, 3 min<\/p><p><strong>BOOK, DIRECTOR, CAMERA EDITING<\/strong><\/p><p>2011<strong> Postering Prohibited <\/strong>(Documentary) 54 min<\/p><p>2010<strong> Commissioned by the Municipality <\/strong>(Short Fiction) 15 min<\/p><p>2008 <strong>Euro 08 \u2013 Fans in Vienna <\/strong>(Short Documentary) 20 min<\/p>\t\t\t\t\t\t\t\t<\/div>\n\t\t\t\t<\/div>\n\t\t\t\t\t<\/div>\n\t\t<\/div>\n\t\t\t\t\t<\/div>\n\t\t<\/section>\n\t\t\t\t<section class=\"elementor-section elementor-top-section elementor-element elementor-element-272c942 elementor-section-boxed elementor-section-height-default elementor-section-height-default\" data-id=\"272c942\" data-element_type=\"section\" data-e-type=\"section\">\n\t\t\t\t\t\t<div class=\"elementor-container elementor-column-gap-default\">\n\t\t\t\t\t<div class=\"elementor-column elementor-col-100 elementor-top-column elementor-element elementor-element-2d18940\" data-id=\"2d18940\" data-element_type=\"column\" data-e-type=\"column\">\n\t\t\t<div class=\"elementor-widget-wrap elementor-element-populated\">\n\t\t\t\t\t\t<div class=\"elementor-element elementor-element-a06e68f elementor-widget elementor-widget-spacer\" data-id=\"a06e68f\" data-element_type=\"widget\" data-e-type=\"widget\" data-widget_type=\"spacer.default\">\n\t\t\t\t<div class=\"elementor-widget-container\">\n\t\t\t\t\t\t\t<div class=\"elementor-spacer\">\n\t\t\t<div class=\"elementor-spacer-inner\"><\/div>\n\t\t<\/div>\n\t\t\t\t\t\t<\/div>\n\t\t\t\t<\/div>\n\t\t\t\t\t<\/div>\n\t\t<\/div>\n\t\t\t\t\t<\/div>\n\t\t<\/section>\n\t\t\t\t<\/div>","protected":false},"excerpt":{"rendered":"<p>Oliver Werani 1968 in Wien geboren und aufgewachsen.Studierte Sportwissenschaft und Geographie und machte eine Fotographie Ausbildung bei Georg Klenovsky.War bis 2006 als Reisejournalist unterwegs (Asien, Irland, britische Inseln) und machte bis 2007 Multimedia-Vortr\u00e4ge \u00fcber die bereisten L\u00e4nder.Arbeitet seit 2007 als freischaffender Filmemacher.Arbeitet auch als Vater und hat zwei T\u00f6chter Oliver Werani 1968 in Wien geboren [&hellip;]<\/p>","protected":false},"author":1,"featured_media":0,"parent":0,"menu_order":0,"comment_status":"closed","ping_status":"closed","template":"","meta":{"site-sidebar-layout":"no-sidebar","site-content-layout":"page-builder","ast-site-content-layout":"full-width-container","site-content-style":"default","site-sidebar-style":"default","ast-global-header-display":"","ast-banner-title-visibility":"","ast-main-header-display":"","ast-hfb-above-header-display":"","ast-hfb-below-header-display":"","ast-hfb-mobile-header-display":"","site-post-title":"disabled","ast-breadcrumbs-content":"","ast-featured-img":"disabled","footer-sml-layout":"","ast-disable-related-posts":"","theme-transparent-header-meta":"","adv-header-id-meta":"","stick-header-meta":"","header-above-stick-meta":"","header-main-stick-meta":"","header-below-stick-meta":"","astra-migrate-meta-layouts":"set","ast-page-background-enabled":"default","ast-page-background-meta":{"desktop":{"background-color":"","background-image":"","background-repeat":"repeat","background-position":"center center","background-size":"auto","background-attachment":"scroll","background-type":"","background-media":"","overlay-type":"","overlay-color":"","overlay-opacity":"","overlay-gradient":""},"tablet":{"background-color":"","background-image":"","background-repeat":"repeat","background-position":"center center","background-size":"auto","background-attachment":"scroll","background-type":"","background-media":"","overlay-type":"","overlay-color":"","overlay-opacity":"","overlay-gradient":""},"mobile":{"background-color":"","background-image":"","background-repeat":"repeat","background-position":"center center","background-size":"auto","background-attachment":"scroll","background-type":"","background-media":"","overlay-type":"","overlay-color":"","overlay-opacity":"","overlay-gradient":""}},"ast-content-background-meta":{"desktop":{"background-color":"var(--ast-global-color-5)","background-image":"","background-repeat":"repeat","background-position":"center center","background-size":"auto","background-attachment":"scroll","background-type":"","background-media":"","overlay-type":"","overlay-color":"","overlay-opacity":"","overlay-gradient":""},"tablet":{"background-color":"var(--ast-global-color-5)","background-image":"","background-repeat":"repeat","background-position":"center center","background-size":"auto","background-attachment":"scroll","background-type":"","background-media":"","overlay-type":"","overlay-color":"","overlay-opacity":"","overlay-gradient":""},"mobile":{"background-color":"var(--ast-global-color-5)","background-image":"","background-repeat":"repeat","background-position":"center center","background-size":"auto","background-attachment":"scroll","background-type":"","background-media":"","overlay-type":"","overlay-color":"","overlay-opacity":"","overlay-gradient":""}},"iawp_total_views":72,"footnotes":""},"class_list":["post-3578","page","type-page","status-publish","hentry"],"yoast_head":"<!-- This site is optimized with the Yoast SEO Premium plugin v27.0 (Yoast SEO v27.0) - https:\/\/yoast.com\/product\/yoast-seo-premium-wordpress\/ -->\n<title>Oliver Werani - feinstaubFILM<\/title>\n<meta name=\"description\" content=\"\u00d6sterreichische Filmemacher\" \/>\n<meta name=\"robots\" content=\"index, follow, max-snippet:-1, max-image-preview:large, max-video-preview:-1\" \/>\n<link rel=\"canonical\" href=\"https:\/\/www.feinstaubfilm.at\/en\/oliver-werani\/\" \/>\n<script type=\"application\/ld+json\" class=\"yoast-schema-graph\">{\"@context\":\"https:\/\/schema.org\",\"@graph\":[{\"@type\":\"WebPage\",\"@id\":\"https:\/\/www.feinstaubfilm.at\/oliver-werani\/\",\"url\":\"https:\/\/www.feinstaubfilm.at\/oliver-werani\/\",\"name\":\"Oliver Werani - feinstaubFILM\",\"isPartOf\":{\"@id\":\"https:\/\/www.feinstaubfilm.at\/#website\"},\"primaryImageOfPage\":{\"@id\":\"https:\/\/www.feinstaubfilm.at\/oliver-werani\/#primaryimage\"},\"image\":{\"@id\":\"https:\/\/www.feinstaubfilm.at\/oliver-werani\/#primaryimage\"},\"thumbnailUrl\":\"https:\/\/www.feinstaubfilm.at\/wp-content\/uploads\/elementor\/thumbs\/Oliver_Werani-scaled-e1744358626527-r46yamiyhnm2ha861stn9tyy54n1d0mi6vcr63315s.jpg\",\"datePublished\":\"2025-01-07T09:05:46+00:00\",\"dateModified\":\"2026-03-26T20:09:51+00:00\",\"description\":\"\u00d6sterreichische Filmemacher\",\"breadcrumb\":{\"@id\":\"https:\/\/www.feinstaubfilm.at\/oliver-werani\/#breadcrumb\"},\"inLanguage\":\"en-GB\",\"potentialAction\":[{\"@type\":\"ReadAction\",\"target\":[\"https:\/\/www.feinstaubfilm.at\/oliver-werani\/\"]}]},{\"@type\":\"ImageObject\",\"inLanguage\":\"en-GB\",\"@id\":\"https:\/\/www.feinstaubfilm.at\/oliver-werani\/#primaryimage\",\"url\":\"https:\/\/www.feinstaubfilm.at\/wp-content\/uploads\/elementor\/thumbs\/Oliver_Werani-scaled-e1744358626527-r46yamiyhnm2ha861stn9tyy54n1d0mi6vcr63315s.jpg\",\"contentUrl\":\"https:\/\/www.feinstaubfilm.at\/wp-content\/uploads\/elementor\/thumbs\/Oliver_Werani-scaled-e1744358626527-r46yamiyhnm2ha861stn9tyy54n1d0mi6vcr63315s.jpg\"},{\"@type\":\"BreadcrumbList\",\"@id\":\"https:\/\/www.feinstaubfilm.at\/oliver-werani\/#breadcrumb\",\"itemListElement\":[{\"@type\":\"ListItem\",\"position\":1,\"name\":\"Startseite\",\"item\":\"https:\/\/www.feinstaubfilm.at\/\"},{\"@type\":\"ListItem\",\"position\":2,\"name\":\"Oliver Werani\"}]},{\"@type\":\"WebSite\",\"@id\":\"https:\/\/www.feinstaubfilm.at\/#website\",\"url\":\"https:\/\/www.feinstaubfilm.at\/\",\"name\":\"feinstaubFILM\",\"description\":\"Birgit Bergmann, Regisseurin und Editorin macht Dokumentarfilme in \u00d6sterreich, lebt in Wien. Oliver Werani, Regisseur und Kameramann macht Dokumentarfilme in \u00d6sterreich, lebt in Wien. Zwei Filmemacher:innen haben den Verein feinstaubFILM gegr\u00fcndet um unabh\u00e4ngige Filme produzieren zu k\u00f6nnen.\",\"publisher\":{\"@id\":\"https:\/\/www.feinstaubfilm.at\/#organization\"},\"potentialAction\":[{\"@type\":\"SearchAction\",\"target\":{\"@type\":\"EntryPoint\",\"urlTemplate\":\"https:\/\/www.feinstaubfilm.at\/?s={search_term_string}\"},\"query-input\":{\"@type\":\"PropertyValueSpecification\",\"valueRequired\":true,\"valueName\":\"search_term_string\"}}],\"inLanguage\":\"en-GB\"},{\"@type\":\"Organization\",\"@id\":\"https:\/\/www.feinstaubfilm.at\/#organization\",\"name\":\"feinstaubFILM\",\"url\":\"https:\/\/www.feinstaubfilm.at\/\",\"logo\":{\"@type\":\"ImageObject\",\"inLanguage\":\"en-GB\",\"@id\":\"https:\/\/www.feinstaubfilm.at\/#\/schema\/logo\/image\/\",\"url\":\"https:\/\/www.feinstaubfilm.at\/wp-content\/uploads\/2022\/10\/MUeTTER_STILL_1.30.1.jpg\",\"contentUrl\":\"https:\/\/www.feinstaubfilm.at\/wp-content\/uploads\/2022\/10\/MUeTTER_STILL_1.30.1.jpg\",\"width\":1920,\"height\":1080,\"caption\":\"feinstaubFILM\"},\"image\":{\"@id\":\"https:\/\/www.feinstaubfilm.at\/#\/schema\/logo\/image\/\"}}]}<\/script>\n<!-- \/ Yoast SEO Premium plugin. -->","yoast_head_json":{"title":"Oliver Werani - feinstaubFILM","description":"Austrian filmmakers","robots":{"index":"index","follow":"follow","max-snippet":"max-snippet:-1","max-image-preview":"max-image-preview:large","max-video-preview":"max-video-preview:-1"},"canonical":"https:\/\/www.feinstaubfilm.at\/en\/oliver-werani\/","schema":{"@context":"https:\/\/schema.org","@graph":[{"@type":"WebPage","@id":"https:\/\/www.feinstaubfilm.at\/oliver-werani\/","url":"https:\/\/www.feinstaubfilm.at\/oliver-werani\/","name":"Oliver Werani - feinstaubFILM","isPartOf":{"@id":"https:\/\/www.feinstaubfilm.at\/#website"},"primaryImageOfPage":{"@id":"https:\/\/www.feinstaubfilm.at\/oliver-werani\/#primaryimage"},"image":{"@id":"https:\/\/www.feinstaubfilm.at\/oliver-werani\/#primaryimage"},"thumbnailUrl":"https:\/\/www.feinstaubfilm.at\/wp-content\/uploads\/elementor\/thumbs\/Oliver_Werani-scaled-e1744358626527-r46yamiyhnm2ha861stn9tyy54n1d0mi6vcr63315s.jpg","datePublished":"2025-01-07T09:05:46+00:00","dateModified":"2026-03-26T20:09:51+00:00","description":"Austrian filmmakers","breadcrumb":{"@id":"https:\/\/www.feinstaubfilm.at\/oliver-werani\/#breadcrumb"},"inLanguage":"en-GB","potentialAction":[{"@type":"ReadAction","target":["https:\/\/www.feinstaubfilm.at\/oliver-werani\/"]}]},{"@type":"ImageObject","inLanguage":"en-GB","@id":"https:\/\/www.feinstaubfilm.at\/oliver-werani\/#primaryimage","url":"https:\/\/www.feinstaubfilm.at\/wp-content\/uploads\/elementor\/thumbs\/Oliver_Werani-scaled-e1744358626527-r46yamiyhnm2ha861stn9tyy54n1d0mi6vcr63315s.jpg","contentUrl":"https:\/\/www.feinstaubfilm.at\/wp-content\/uploads\/elementor\/thumbs\/Oliver_Werani-scaled-e1744358626527-r46yamiyhnm2ha861stn9tyy54n1d0mi6vcr63315s.jpg"},{"@type":"BreadcrumbList","@id":"https:\/\/www.feinstaubfilm.at\/oliver-werani\/#breadcrumb","itemListElement":[{"@type":"ListItem","position":1,"name":"Startseite","item":"https:\/\/www.feinstaubfilm.at\/"},{"@type":"ListItem","position":2,"name":"Oliver Werani"}]},{"@type":"WebSite","@id":"https:\/\/www.feinstaubfilm.at\/#website","url":"https:\/\/www.feinstaubfilm.at\/","name":"fine dustFILM","description":"Birgit Bergmann, director and editor makes documentary films in Austria, lives in Vienna. Oliver Werani, director and cameraman makes documentary films in Austria, lives in Vienna. Two filmmakers have founded the feinstaubFILM association to produce independent films.","publisher":{"@id":"https:\/\/www.feinstaubfilm.at\/#organization"},"potentialAction":[{"@type":"SearchAction","target":{"@type":"EntryPoint","urlTemplate":"https:\/\/www.feinstaubfilm.at\/?s={search_term_string}"},"query-input":{"@type":"PropertyValueSpecification","valueRequired":true,"valueName":"search_term_string"}}],"inLanguage":"en-GB"},{"@type":"Organization","@id":"https:\/\/www.feinstaubfilm.at\/#organization","name":"fine dustFILM","url":"https:\/\/www.feinstaubfilm.at\/","logo":{"@type":"ImageObject","inLanguage":"en-GB","@id":"https:\/\/www.feinstaubfilm.at\/#\/schema\/logo\/image\/","url":"https:\/\/www.feinstaubfilm.at\/wp-content\/uploads\/2022\/10\/MUeTTER_STILL_1.30.1.jpg","contentUrl":"https:\/\/www.feinstaubfilm.at\/wp-content\/uploads\/2022\/10\/MUeTTER_STILL_1.30.1.jpg","width":1920,"height":1080,"caption":"feinstaubFILM"},"image":{"@id":"https:\/\/www.feinstaubfilm.at\/#\/schema\/logo\/image\/"}}]}},"_links":{"self":[{"href":"https:\/\/www.feinstaubfilm.at\/en\/wp-json\/wp\/v2\/pages\/3578","targetHints":{"allow":["GET"]}}],"collection":[{"href":"https:\/\/www.feinstaubfilm.at\/en\/wp-json\/wp\/v2\/pages"}],"about":[{"href":"https:\/\/www.feinstaubfilm.at\/en\/wp-json\/wp\/v2\/types\/page"}],"author":[{"embeddable":true,"href":"https:\/\/www.feinstaubfilm.at\/en\/wp-json\/wp\/v2\/users\/1"}],"replies":[{"embeddable":true,"href":"https:\/\/www.feinstaubfilm.at\/en\/wp-json\/wp\/v2\/comments?post=3578"}],"version-history":[{"count":55,"href":"https:\/\/www.feinstaubfilm.at\/en\/wp-json\/wp\/v2\/pages\/3578\/revisions"}],"predecessor-version":[{"id":4732,"href":"https:\/\/www.feinstaubfilm.at\/en\/wp-json\/wp\/v2\/pages\/3578\/revisions\/4732"}],"wp:attachment":[{"href":"https:\/\/www.feinstaubfilm.at\/en\/wp-json\/wp\/v2\/media?parent=3578"}],"curies":[{"name":"wp","href":"https:\/\/api.w.org\/{rel}","templated":true}]}}