{"id":3481,"date":"2024-05-16T14:11:01","date_gmt":"2024-05-16T12:11:01","guid":{"rendered":"https:\/\/www.feinstaubfilm.at\/?page_id=3481"},"modified":"2026-03-26T21:07:17","modified_gmt":"2026-03-26T20:07:17","slug":"birgit-bergmann","status":"publish","type":"page","link":"https:\/\/www.feinstaubfilm.at\/en\/birgit-bergmann\/","title":{"rendered":"Birgit Bergmann"},"content":{"rendered":"<div data-elementor-type=\"wp-page\" data-elementor-id=\"3481\" class=\"elementor elementor-3481\">\n\t\t\t\t\t\t<section class=\"elementor-section elementor-top-section elementor-element elementor-element-7569c3a elementor-section-height-min-height elementor-section-boxed elementor-section-height-default elementor-section-items-middle\" data-id=\"7569c3a\" data-element_type=\"section\" data-e-type=\"section\">\n\t\t\t\t\t\t<div class=\"elementor-container elementor-column-gap-default\">\n\t\t\t\t\t<div class=\"elementor-column elementor-col-50 elementor-top-column elementor-element elementor-element-8e23c35\" data-id=\"8e23c35\" data-element_type=\"column\" data-e-type=\"column\">\n\t\t\t<div class=\"elementor-widget-wrap elementor-element-populated\">\n\t\t\t\t\t\t<div class=\"elementor-element elementor-element-5695a55 elementor-widget elementor-widget-image\" data-id=\"5695a55\" data-element_type=\"widget\" data-e-type=\"widget\" data-widget_type=\"image.default\">\n\t\t\t\t<div class=\"elementor-widget-container\">\n\t\t\t\t\t\t\t\t\t\t\t\t\t\t\t\t<a href=\"https:\/\/www.feinstaubfilm.at\/wp-content\/uploads\/2025\/04\/birgit_bergmann1-scaled-e1744358430245.jpg\" data-elementor-open-lightbox=\"yes\" data-e-action-hash=\"#elementor-action%3Aaction%3Dlightbox%26settings%3DeyJpZCI6Mzk3MCwidXJsIjoiaHR0cHM6XC9cL3d3dy5mZWluc3RhdWJmaWxtLmF0XC93cC1jb250ZW50XC91cGxvYWRzXC8yMDI1XC8wNFwvYmlyZ2l0X2JlcmdtYW5uMS1zY2FsZWQtZTE3NDQzNTg0MzAyNDUuanBnIn0%3D\">\n\t\t\t\t\t\t\t<img fetchpriority=\"high\" decoding=\"async\" width=\"768\" height=\"555\" src=\"https:\/\/www.feinstaubfilm.at\/wp-content\/uploads\/2025\/04\/birgit_bergmann1-scaled-e1744358430245-768x555.jpg\" class=\"attachment-medium_large size-medium_large wp-image-3970\" alt=\"\" srcset=\"https:\/\/www.feinstaubfilm.at\/wp-content\/uploads\/2025\/04\/birgit_bergmann1-scaled-e1744358430245-768x555.jpg 768w, https:\/\/www.feinstaubfilm.at\/wp-content\/uploads\/2025\/04\/birgit_bergmann1-scaled-e1744358430245-300x217.jpg 300w, https:\/\/www.feinstaubfilm.at\/wp-content\/uploads\/2025\/04\/birgit_bergmann1-scaled-e1744358430245-1024x740.jpg 1024w, https:\/\/www.feinstaubfilm.at\/wp-content\/uploads\/2025\/04\/birgit_bergmann1-scaled-e1744358430245-1536x1110.jpg 1536w, https:\/\/www.feinstaubfilm.at\/wp-content\/uploads\/2025\/04\/birgit_bergmann1-scaled-e1744358430245-2048x1480.jpg 2048w, https:\/\/www.feinstaubfilm.at\/wp-content\/uploads\/2025\/04\/birgit_bergmann1-scaled-e1744358430245-1320x954.jpg 1320w\" sizes=\"(max-width: 768px) 100vw, 768px\" \/>\t\t\t\t\t\t\t\t<\/a>\n\t\t\t\t\t\t\t\t\t\t\t\t\t\t\t<\/div>\n\t\t\t\t<\/div>\n\t\t\t\t\t<\/div>\n\t\t<\/div>\n\t\t\t\t<div class=\"elementor-column elementor-col-50 elementor-top-column elementor-element elementor-element-e5a4139\" data-id=\"e5a4139\" data-element_type=\"column\" data-e-type=\"column\">\n\t\t\t<div class=\"elementor-widget-wrap elementor-element-populated\">\n\t\t\t\t\t\t<div class=\"elementor-element elementor-element-efcfa3c elementor-widget elementor-widget-text-editor\" data-id=\"efcfa3c\" data-element_type=\"widget\" data-e-type=\"widget\" data-widget_type=\"text-editor.default\">\n\t\t\t\t<div class=\"elementor-widget-container\">\n\t\t\t\t\t\t\t\t\t<p><strong>Birgit Bergmann<\/strong><\/p><p>Born and raised in Carinthia in 1985, living in Vienna since 2005.<br \/>Studied editing at the Film Academy and<br \/>Theater, Film, and Media Studies at the University of Vienna.<br \/>Completed both degrees in 2015.<br \/>Works as an editor and director on her own and other projects<br \/>She also works as a mother and has two daughters.<br \/>Passion for Shaolin Wushu (Kung Fu)<\/p>\t\t\t\t\t\t\t\t<\/div>\n\t\t\t\t<\/div>\n\t\t\t\t\t<\/div>\n\t\t<\/div>\n\t\t\t\t\t<\/div>\n\t\t<\/section>\n\t\t\t\t<section class=\"elementor-section elementor-top-section elementor-element elementor-element-b222991 elementor-section-boxed elementor-section-height-default elementor-section-height-default\" data-id=\"b222991\" data-element_type=\"section\" data-e-type=\"section\">\n\t\t\t\t\t\t<div class=\"elementor-container elementor-column-gap-default\">\n\t\t\t\t\t<div class=\"elementor-column elementor-col-100 elementor-top-column elementor-element elementor-element-62619a7\" data-id=\"62619a7\" data-element_type=\"column\" data-e-type=\"column\">\n\t\t\t<div class=\"elementor-widget-wrap elementor-element-populated\">\n\t\t\t\t\t\t<div class=\"elementor-element elementor-element-3b3b674 elementor-widget elementor-widget-text-editor\" data-id=\"3b3b674\" data-element_type=\"widget\" data-e-type=\"widget\" data-widget_type=\"text-editor.default\">\n\t\t\t\t<div class=\"elementor-widget-container\">\n\t\t\t\t\t\t\t\t\t<p><strong>screenplay<\/strong><\/p><p>2026 <strong>Tell me how?<\/strong>\u00a0Documentary fiction, in development, together with Oliver Werani<\/p><p><strong>DIRECTION &amp; EDITING<\/strong><\/p><p>2026 <strong>G\u00dcNTER<\/strong>, documentary film, in production<\/p><p>2026 <strong>Meeting G\u00f6tz <\/strong>Documentary film, 77 min, by Gregor Centner &amp; Birgit Bergmann<\/p><p>2025 <strong>MOTHERS, <\/strong>cinema documentary together with Oliver Werani, 85 min<strong>, <\/strong>85 min, together with Oliver Werani,\u00a0<\/p><p>2018 <strong>New Start in Afghanistan,<\/strong>KlappeAuf feature, 3 min<\/p><p>2018 <strong>Down and Out,<\/strong>, feature documentary, 91 min. with Steffi Franz and Oliver Werani (Best Sound Design, Diagonale)<\/p><p>2013 <strong>Dirt is Freedom,<\/strong>, cinema documentary, 80 min with Steffi Franz and Oliver Werani (Audience Award this human world festival)<\/p><p>2012 <strong>Fuel,<\/strong>feature documentary, 74 min. with Steffi Franz and Oliver Werani<\/p><p><strong>FILM EDITING (Selection)<\/strong><strong> (Selection)<\/strong><\/p><p>2019 <strong>Wolfgang's Freedom,<\/strong>short documentary, 25 min. by Gregor Centner, (Best Documentary, Prague Film Awards)<\/p><p>2015 <strong>Donkey,<\/strong>short film, 25 min. by Rafael Haider (Austrian Film Award nomination, numerous awards)<\/p><p>2013 <strong>Goodnight Mommy, <\/strong>Feature film, editing, director: Veronika Franz, Severin Fiala, \u201cBest Feature Film\u201d Austrian Film Award, 2016, numerous awards and nominations<\/p><p>2012 <strong>Core<em>, <\/em><\/strong>Cinema documentary, 92 min. by Severin Fiala and Veronika Franz (silver dove, Dok Leipzig)<\/p>\t\t\t\t\t\t\t\t<\/div>\n\t\t\t\t<\/div>\n\t\t\t\t\t<\/div>\n\t\t<\/div>\n\t\t\t\t\t<\/div>\n\t\t<\/section>\n\t\t\t\t<section class=\"elementor-section elementor-top-section elementor-element elementor-element-b56f434 elementor-section-boxed elementor-section-height-default elementor-section-height-default\" data-id=\"b56f434\" data-element_type=\"section\" data-e-type=\"section\">\n\t\t\t\t\t\t<div class=\"elementor-container elementor-column-gap-default\">\n\t\t\t\t\t<div class=\"elementor-column elementor-col-100 elementor-top-column elementor-element elementor-element-ecce79a\" data-id=\"ecce79a\" data-element_type=\"column\" data-e-type=\"column\">\n\t\t\t<div class=\"elementor-widget-wrap elementor-element-populated\">\n\t\t\t\t\t\t<div class=\"elementor-element elementor-element-b553dcd elementor-widget elementor-widget-spacer\" data-id=\"b553dcd\" data-element_type=\"widget\" data-e-type=\"widget\" data-widget_type=\"spacer.default\">\n\t\t\t\t<div class=\"elementor-widget-container\">\n\t\t\t\t\t\t\t<div class=\"elementor-spacer\">\n\t\t\t<div class=\"elementor-spacer-inner\"><\/div>\n\t\t<\/div>\n\t\t\t\t\t\t<\/div>\n\t\t\t\t<\/div>\n\t\t\t\t\t<\/div>\n\t\t<\/div>\n\t\t\t\t\t<\/div>\n\t\t<\/section>\n\t\t\t\t<\/div>","protected":false},"excerpt":{"rendered":"<p>Birgit Bergmann 1985 in K\u00e4rnten geboren und aufgewachsen, seit 2005 in Wien.Studierte Schnitt an der Filmakademie sowieTheater-, Film- und Medienwissenschaft an der Hauptuni Wien2015 wurden beide Studien abgeschlossen.Arbeitet als Editorin und Regisseurin an eigenen und fremden Projekten.Arbeitet auch als Mutter und hat zwei T\u00f6chterLeidenschaft f\u00fcr Shaolin Wushu (Kung Fu) BUCH 2026 Sag mir wie?\u00a0Doku-Fiktion, in [&hellip;]<\/p>","protected":false},"author":1,"featured_media":3970,"parent":0,"menu_order":0,"comment_status":"closed","ping_status":"closed","template":"","meta":{"site-sidebar-layout":"no-sidebar","site-content-layout":"page-builder","ast-site-content-layout":"full-width-container","site-content-style":"default","site-sidebar-style":"default","ast-global-header-display":"","ast-banner-title-visibility":"","ast-main-header-display":"","ast-hfb-above-header-display":"","ast-hfb-below-header-display":"","ast-hfb-mobile-header-display":"","site-post-title":"disabled","ast-breadcrumbs-content":"","ast-featured-img":"disabled","footer-sml-layout":"","ast-disable-related-posts":"","theme-transparent-header-meta":"","adv-header-id-meta":"","stick-header-meta":"","header-above-stick-meta":"","header-main-stick-meta":"","header-below-stick-meta":"","astra-migrate-meta-layouts":"set","ast-page-background-enabled":"default","ast-page-background-meta":{"desktop":{"background-color":"","background-image":"","background-repeat":"repeat","background-position":"center center","background-size":"auto","background-attachment":"scroll","background-type":"","background-media":"","overlay-type":"","overlay-color":"","overlay-opacity":"","overlay-gradient":""},"tablet":{"background-color":"","background-image":"","background-repeat":"repeat","background-position":"center center","background-size":"auto","background-attachment":"scroll","background-type":"","background-media":"","overlay-type":"","overlay-color":"","overlay-opacity":"","overlay-gradient":""},"mobile":{"background-color":"","background-image":"","background-repeat":"repeat","background-position":"center center","background-size":"auto","background-attachment":"scroll","background-type":"","background-media":"","overlay-type":"","overlay-color":"","overlay-opacity":"","overlay-gradient":""}},"ast-content-background-meta":{"desktop":{"background-color":"var(--ast-global-color-5)","background-image":"","background-repeat":"repeat","background-position":"center center","background-size":"auto","background-attachment":"scroll","background-type":"","background-media":"","overlay-type":"","overlay-color":"","overlay-opacity":"","overlay-gradient":""},"tablet":{"background-color":"var(--ast-global-color-5)","background-image":"","background-repeat":"repeat","background-position":"center center","background-size":"auto","background-attachment":"scroll","background-type":"","background-media":"","overlay-type":"","overlay-color":"","overlay-opacity":"","overlay-gradient":""},"mobile":{"background-color":"var(--ast-global-color-5)","background-image":"","background-repeat":"repeat","background-position":"center center","background-size":"auto","background-attachment":"scroll","background-type":"","background-media":"","overlay-type":"","overlay-color":"","overlay-opacity":"","overlay-gradient":""}},"iawp_total_views":270,"footnotes":""},"class_list":["post-3481","page","type-page","status-publish","has-post-thumbnail","hentry"],"yoast_head":"<!-- This site is optimized with the Yoast SEO Premium plugin v27.0 (Yoast SEO v27.0) - https:\/\/yoast.com\/product\/yoast-seo-premium-wordpress\/ -->\n<title>Birgit Bergmann - feinstaubFILM<\/title>\n<meta name=\"description\" content=\"Birgit Bergmann ist Editorin, Dramaturgin und Regisseurin aus Wien.\" \/>\n<meta name=\"robots\" content=\"index, follow, max-snippet:-1, max-image-preview:large, max-video-preview:-1\" \/>\n<link rel=\"canonical\" href=\"https:\/\/www.feinstaubfilm.at\/en\/birgit-bergmann\/\" \/>\n<script type=\"application\/ld+json\" class=\"yoast-schema-graph\">{\"@context\":\"https:\/\/schema.org\",\"@graph\":[{\"@type\":\"WebPage\",\"@id\":\"https:\/\/www.feinstaubfilm.at\/birgit-bergmann\/\",\"url\":\"https:\/\/www.feinstaubfilm.at\/birgit-bergmann\/\",\"name\":\"Birgit Bergmann - feinstaubFILM\",\"isPartOf\":{\"@id\":\"https:\/\/www.feinstaubfilm.at\/#website\"},\"primaryImageOfPage\":{\"@id\":\"https:\/\/www.feinstaubfilm.at\/birgit-bergmann\/#primaryimage\"},\"image\":{\"@id\":\"https:\/\/www.feinstaubfilm.at\/birgit-bergmann\/#primaryimage\"},\"thumbnailUrl\":\"https:\/\/www.feinstaubfilm.at\/wp-content\/uploads\/2025\/04\/birgit_bergmann1-scaled-e1744358430245.jpg\",\"datePublished\":\"2024-05-16T12:11:01+00:00\",\"dateModified\":\"2026-03-26T20:07:17+00:00\",\"description\":\"Birgit Bergmann ist Editorin, Dramaturgin und Regisseurin aus Wien.\",\"breadcrumb\":{\"@id\":\"https:\/\/www.feinstaubfilm.at\/birgit-bergmann\/#breadcrumb\"},\"inLanguage\":\"en-GB\",\"potentialAction\":[{\"@type\":\"ReadAction\",\"target\":[\"https:\/\/www.feinstaubfilm.at\/birgit-bergmann\/\"]}]},{\"@type\":\"ImageObject\",\"inLanguage\":\"en-GB\",\"@id\":\"https:\/\/www.feinstaubfilm.at\/birgit-bergmann\/#primaryimage\",\"url\":\"https:\/\/www.feinstaubfilm.at\/wp-content\/uploads\/2025\/04\/birgit_bergmann1-scaled-e1744358430245.jpg\",\"contentUrl\":\"https:\/\/www.feinstaubfilm.at\/wp-content\/uploads\/2025\/04\/birgit_bergmann1-scaled-e1744358430245.jpg\",\"width\":2078,\"height\":1502},{\"@type\":\"BreadcrumbList\",\"@id\":\"https:\/\/www.feinstaubfilm.at\/birgit-bergmann\/#breadcrumb\",\"itemListElement\":[{\"@type\":\"ListItem\",\"position\":1,\"name\":\"Startseite\",\"item\":\"https:\/\/www.feinstaubfilm.at\/\"},{\"@type\":\"ListItem\",\"position\":2,\"name\":\"Birgit Bergmann\"}]},{\"@type\":\"WebSite\",\"@id\":\"https:\/\/www.feinstaubfilm.at\/#website\",\"url\":\"https:\/\/www.feinstaubfilm.at\/\",\"name\":\"feinstaubFILM\",\"description\":\"Birgit Bergmann, Regisseurin und Editorin macht Dokumentarfilme in \u00d6sterreich, lebt in Wien. Oliver Werani, Regisseur und Kameramann macht Dokumentarfilme in \u00d6sterreich, lebt in Wien. Zwei Filmemacher:innen haben den Verein feinstaubFILM gegr\u00fcndet um unabh\u00e4ngige Filme produzieren zu k\u00f6nnen.\",\"publisher\":{\"@id\":\"https:\/\/www.feinstaubfilm.at\/#organization\"},\"potentialAction\":[{\"@type\":\"SearchAction\",\"target\":{\"@type\":\"EntryPoint\",\"urlTemplate\":\"https:\/\/www.feinstaubfilm.at\/?s={search_term_string}\"},\"query-input\":{\"@type\":\"PropertyValueSpecification\",\"valueRequired\":true,\"valueName\":\"search_term_string\"}}],\"inLanguage\":\"en-GB\"},{\"@type\":\"Organization\",\"@id\":\"https:\/\/www.feinstaubfilm.at\/#organization\",\"name\":\"feinstaubFILM\",\"url\":\"https:\/\/www.feinstaubfilm.at\/\",\"logo\":{\"@type\":\"ImageObject\",\"inLanguage\":\"en-GB\",\"@id\":\"https:\/\/www.feinstaubfilm.at\/#\/schema\/logo\/image\/\",\"url\":\"https:\/\/www.feinstaubfilm.at\/wp-content\/uploads\/2022\/10\/MUeTTER_STILL_1.30.1.jpg\",\"contentUrl\":\"https:\/\/www.feinstaubfilm.at\/wp-content\/uploads\/2022\/10\/MUeTTER_STILL_1.30.1.jpg\",\"width\":1920,\"height\":1080,\"caption\":\"feinstaubFILM\"},\"image\":{\"@id\":\"https:\/\/www.feinstaubfilm.at\/#\/schema\/logo\/image\/\"}}]}<\/script>\n<!-- \/ Yoast SEO Premium plugin. -->","yoast_head_json":{"title":"Birgit Bergmann - feinstaubFILM","description":"Birgit Bergmann ist Editorin, Dramaturgin und Regisseurin aus Wien.","robots":{"index":"index","follow":"follow","max-snippet":"max-snippet:-1","max-image-preview":"max-image-preview:large","max-video-preview":"max-video-preview:-1"},"canonical":"https:\/\/www.feinstaubfilm.at\/en\/birgit-bergmann\/","schema":{"@context":"https:\/\/schema.org","@graph":[{"@type":"WebPage","@id":"https:\/\/www.feinstaubfilm.at\/birgit-bergmann\/","url":"https:\/\/www.feinstaubfilm.at\/birgit-bergmann\/","name":"Birgit Bergmann - feinstaubFILM","isPartOf":{"@id":"https:\/\/www.feinstaubfilm.at\/#website"},"primaryImageOfPage":{"@id":"https:\/\/www.feinstaubfilm.at\/birgit-bergmann\/#primaryimage"},"image":{"@id":"https:\/\/www.feinstaubfilm.at\/birgit-bergmann\/#primaryimage"},"thumbnailUrl":"https:\/\/www.feinstaubfilm.at\/wp-content\/uploads\/2025\/04\/birgit_bergmann1-scaled-e1744358430245.jpg","datePublished":"2024-05-16T12:11:01+00:00","dateModified":"2026-03-26T20:07:17+00:00","description":"Birgit Bergmann ist Editorin, Dramaturgin und Regisseurin aus Wien.","breadcrumb":{"@id":"https:\/\/www.feinstaubfilm.at\/birgit-bergmann\/#breadcrumb"},"inLanguage":"en-GB","potentialAction":[{"@type":"ReadAction","target":["https:\/\/www.feinstaubfilm.at\/birgit-bergmann\/"]}]},{"@type":"ImageObject","inLanguage":"en-GB","@id":"https:\/\/www.feinstaubfilm.at\/birgit-bergmann\/#primaryimage","url":"https:\/\/www.feinstaubfilm.at\/wp-content\/uploads\/2025\/04\/birgit_bergmann1-scaled-e1744358430245.jpg","contentUrl":"https:\/\/www.feinstaubfilm.at\/wp-content\/uploads\/2025\/04\/birgit_bergmann1-scaled-e1744358430245.jpg","width":2078,"height":1502},{"@type":"BreadcrumbList","@id":"https:\/\/www.feinstaubfilm.at\/birgit-bergmann\/#breadcrumb","itemListElement":[{"@type":"ListItem","position":1,"name":"Startseite","item":"https:\/\/www.feinstaubfilm.at\/"},{"@type":"ListItem","position":2,"name":"Birgit Bergmann"}]},{"@type":"WebSite","@id":"https:\/\/www.feinstaubfilm.at\/#website","url":"https:\/\/www.feinstaubfilm.at\/","name":"fine dustFILM","description":"Birgit Bergmann, director and editor makes documentary films in Austria, lives in Vienna. Oliver Werani, director and cameraman makes documentary films in Austria, lives in Vienna. Two filmmakers have founded the feinstaubFILM association to produce independent films.","publisher":{"@id":"https:\/\/www.feinstaubfilm.at\/#organization"},"potentialAction":[{"@type":"SearchAction","target":{"@type":"EntryPoint","urlTemplate":"https:\/\/www.feinstaubfilm.at\/?s={search_term_string}"},"query-input":{"@type":"PropertyValueSpecification","valueRequired":true,"valueName":"search_term_string"}}],"inLanguage":"en-GB"},{"@type":"Organization","@id":"https:\/\/www.feinstaubfilm.at\/#organization","name":"fine dustFILM","url":"https:\/\/www.feinstaubfilm.at\/","logo":{"@type":"ImageObject","inLanguage":"en-GB","@id":"https:\/\/www.feinstaubfilm.at\/#\/schema\/logo\/image\/","url":"https:\/\/www.feinstaubfilm.at\/wp-content\/uploads\/2022\/10\/MUeTTER_STILL_1.30.1.jpg","contentUrl":"https:\/\/www.feinstaubfilm.at\/wp-content\/uploads\/2022\/10\/MUeTTER_STILL_1.30.1.jpg","width":1920,"height":1080,"caption":"feinstaubFILM"},"image":{"@id":"https:\/\/www.feinstaubfilm.at\/#\/schema\/logo\/image\/"}}]}},"_links":{"self":[{"href":"https:\/\/www.feinstaubfilm.at\/en\/wp-json\/wp\/v2\/pages\/3481","targetHints":{"allow":["GET"]}}],"collection":[{"href":"https:\/\/www.feinstaubfilm.at\/en\/wp-json\/wp\/v2\/pages"}],"about":[{"href":"https:\/\/www.feinstaubfilm.at\/en\/wp-json\/wp\/v2\/types\/page"}],"author":[{"embeddable":true,"href":"https:\/\/www.feinstaubfilm.at\/en\/wp-json\/wp\/v2\/users\/1"}],"replies":[{"embeddable":true,"href":"https:\/\/www.feinstaubfilm.at\/en\/wp-json\/wp\/v2\/comments?post=3481"}],"version-history":[{"count":96,"href":"https:\/\/www.feinstaubfilm.at\/en\/wp-json\/wp\/v2\/pages\/3481\/revisions"}],"predecessor-version":[{"id":4734,"href":"https:\/\/www.feinstaubfilm.at\/en\/wp-json\/wp\/v2\/pages\/3481\/revisions\/4734"}],"wp:featuredmedia":[{"embeddable":true,"href":"https:\/\/www.feinstaubfilm.at\/en\/wp-json\/wp\/v2\/media\/3970"}],"wp:attachment":[{"href":"https:\/\/www.feinstaubfilm.at\/en\/wp-json\/wp\/v2\/media?parent=3481"}],"curies":[{"name":"wp","href":"https:\/\/api.w.org\/{rel}","templated":true}]}}