{"id":3442,"date":"2024-04-23T10:26:09","date_gmt":"2024-04-23T08:26:09","guid":{"rendered":"https:\/\/www.feinstaubfilm.at\/?page_id=3442"},"modified":"2025-01-24T09:53:44","modified_gmt":"2025-01-24T08:53:44","slug":"steffi-franz","status":"publish","type":"page","link":"https:\/\/www.feinstaubfilm.at\/en\/steffi-franz\/","title":{"rendered":"Steffi Franz"},"content":{"rendered":"<div data-elementor-type=\"wp-page\" data-elementor-id=\"3442\" class=\"elementor elementor-3442\">\n\t\t\t\t\t\t<section class=\"elementor-section elementor-top-section elementor-element elementor-element-8f2b9b3 elementor-hidden-mobile elementor-section-boxed elementor-section-height-default elementor-section-height-default\" data-id=\"8f2b9b3\" data-element_type=\"section\" data-e-type=\"section\">\n\t\t\t\t\t\t<div class=\"elementor-container elementor-column-gap-default\">\n\t\t\t\t\t<div class=\"elementor-column elementor-col-50 elementor-top-column elementor-element elementor-element-a927e00\" data-id=\"a927e00\" data-element_type=\"column\" data-e-type=\"column\">\n\t\t\t<div class=\"elementor-widget-wrap elementor-element-populated\">\n\t\t\t\t\t\t<div class=\"elementor-element elementor-element-7e2f9dd elementor-widget__width-initial elementor-widget elementor-widget-image\" data-id=\"7e2f9dd\" data-element_type=\"widget\" data-e-type=\"widget\" data-widget_type=\"image.default\">\n\t\t\t\t<div class=\"elementor-widget-container\">\n\t\t\t\t\t\t\t\t\t\t\t\t\t\t\t\t<a href=\"https:\/\/www.feinstaubfilm.at\/wp-content\/uploads\/2025\/01\/steffi.png\" data-elementor-open-lightbox=\"yes\" data-e-action-hash=\"#elementor-action%3Aaction%3Dlightbox%26settings%3DeyJpZCI6MzU3NywidXJsIjoiaHR0cHM6XC9cL3d3dy5mZWluc3RhdWJmaWxtLmF0XC93cC1jb250ZW50XC91cGxvYWRzXC8yMDI1XC8wMVwvc3RlZmZpLnBuZyJ9\">\n\t\t\t\t\t\t\t<img decoding=\"async\" src=\"https:\/\/www.feinstaubfilm.at\/wp-content\/uploads\/elementor\/thumbs\/steffi-qzneg2nemsuwornrhbkh5ce4pj2vdmzhpn6m9g2mqo.png\" title=\"steffi\" alt=\"steffi\" loading=\"lazy\" \/>\t\t\t\t\t\t\t\t<\/a>\n\t\t\t\t\t\t\t\t\t\t\t\t\t\t\t<\/div>\n\t\t\t\t<\/div>\n\t\t\t\t\t<\/div>\n\t\t<\/div>\n\t\t\t\t<div class=\"elementor-column elementor-col-50 elementor-top-column elementor-element elementor-element-939a8f5\" data-id=\"939a8f5\" data-element_type=\"column\" data-e-type=\"column\">\n\t\t\t<div class=\"elementor-widget-wrap elementor-element-populated\">\n\t\t\t\t\t\t<div class=\"elementor-element elementor-element-749470d elementor-widget elementor-widget-text-editor\" data-id=\"749470d\" data-element_type=\"widget\" data-e-type=\"widget\" data-widget_type=\"text-editor.default\">\n\t\t\t\t<div class=\"elementor-widget-container\">\n\t\t\t\t\t\t\t\t\t<p><strong>STEFFI FRANZ<\/strong><\/p><p><br \/>born in 1986 in Graz, lives and works in Vienna and Styria.\u00a0<br \/>Since 2007, studied scriptwriting and dramaturgy at the Vienna Film Academy.\u00a0<br \/>2011 Screenwriting scholarship from Literar-Mechana.<br \/>After a long interruption of her studies, she has been pursuing a Master's degree in scriptwriting and dramaturgy since 2022.<\/p><p>\u00a0<\/p>\t\t\t\t\t\t\t\t<\/div>\n\t\t\t\t<\/div>\n\t\t\t\t\t<\/div>\n\t\t<\/div>\n\t\t\t\t\t<\/div>\n\t\t<\/section>\n\t\t\t\t<section class=\"elementor-section elementor-top-section elementor-element elementor-element-cdec8d1 elementor-hidden-desktop elementor-hidden-tablet elementor-section-boxed elementor-section-height-default elementor-section-height-default\" data-id=\"cdec8d1\" data-element_type=\"section\" data-e-type=\"section\">\n\t\t\t\t\t\t<div class=\"elementor-container elementor-column-gap-default\">\n\t\t\t\t\t<div class=\"elementor-column elementor-col-50 elementor-top-column elementor-element elementor-element-4334893\" data-id=\"4334893\" data-element_type=\"column\" data-e-type=\"column\">\n\t\t\t<div class=\"elementor-widget-wrap\">\n\t\t\t\t\t\t\t<\/div>\n\t\t<\/div>\n\t\t\t\t<div class=\"elementor-column elementor-col-50 elementor-top-column elementor-element elementor-element-7294f05\" data-id=\"7294f05\" data-element_type=\"column\" data-e-type=\"column\">\n\t\t\t<div class=\"elementor-widget-wrap elementor-element-populated\">\n\t\t\t\t\t\t<div class=\"elementor-element elementor-element-18520b2 elementor-widget__width-initial elementor-widget elementor-widget-image\" data-id=\"18520b2\" data-element_type=\"widget\" data-e-type=\"widget\" data-widget_type=\"image.default\">\n\t\t\t\t<div class=\"elementor-widget-container\">\n\t\t\t\t\t\t\t\t\t\t\t\t\t\t\t\t<a href=\"https:\/\/www.feinstaubfilm.at\/wp-content\/uploads\/2025\/01\/steffi.png\" data-elementor-open-lightbox=\"yes\" data-e-action-hash=\"#elementor-action%3Aaction%3Dlightbox%26settings%3DeyJpZCI6MzU3NywidXJsIjoiaHR0cHM6XC9cL3d3dy5mZWluc3RhdWJmaWxtLmF0XC93cC1jb250ZW50XC91cGxvYWRzXC8yMDI1XC8wMVwvc3RlZmZpLnBuZyJ9\">\n\t\t\t\t\t\t\t<img decoding=\"async\" src=\"https:\/\/www.feinstaubfilm.at\/wp-content\/uploads\/elementor\/thumbs\/steffi-qzneg2nct0o99rf5uy9pz84l5irfe05wvyav1ccsp0.png\" title=\"steffi\" alt=\"steffi\" loading=\"lazy\" \/>\t\t\t\t\t\t\t\t<\/a>\n\t\t\t\t\t\t\t\t\t\t\t\t\t\t\t<\/div>\n\t\t\t\t<\/div>\n\t\t\t\t<div class=\"elementor-element elementor-element-88da47c elementor-widget elementor-widget-text-editor\" data-id=\"88da47c\" data-element_type=\"widget\" data-e-type=\"widget\" data-widget_type=\"text-editor.default\">\n\t\t\t\t<div class=\"elementor-widget-container\">\n\t\t\t\t\t\t\t\t\t<p style=\"text-align: center;\"><strong>STEFFI FRANZ<\/strong><\/p><p>born in 1986 in Graz, lives and works in Vienna and Styria.\u00a0<br \/>Since 2007, studied scriptwriting and dramaturgy at the Vienna Film Academy.\u00a0<br \/>2011 Screenwriting scholarship from Literar-Mechana.<br \/>After a long interruption of her studies, she has been pursuing a Master's degree in scriptwriting and dramaturgy since 2022.<\/p>\t\t\t\t\t\t\t\t<\/div>\n\t\t\t\t<\/div>\n\t\t\t\t\t<\/div>\n\t\t<\/div>\n\t\t\t\t\t<\/div>\n\t\t<\/section>\n\t\t\t\t<section class=\"elementor-section elementor-top-section elementor-element elementor-element-6ad4fb3 elementor-section-boxed elementor-section-height-default elementor-section-height-default\" data-id=\"6ad4fb3\" data-element_type=\"section\" data-e-type=\"section\">\n\t\t\t\t\t\t<div class=\"elementor-container elementor-column-gap-default\">\n\t\t\t\t\t<div class=\"elementor-column elementor-col-100 elementor-top-column elementor-element elementor-element-6b4aaa4\" data-id=\"6b4aaa4\" data-element_type=\"column\" data-e-type=\"column\">\n\t\t\t<div class=\"elementor-widget-wrap elementor-element-populated\">\n\t\t\t\t\t\t<div class=\"elementor-element elementor-element-f2f0c1c elementor-widget elementor-widget-text-editor\" data-id=\"f2f0c1c\" data-element_type=\"widget\" data-e-type=\"widget\" data-widget_type=\"text-editor.default\">\n\t\t\t\t<div class=\"elementor-widget-container\">\n\t\t\t\t\t\t\t\t\t<p><strong>Filmography\u00a0<\/strong><\/p><div data-olk-copy-source=\"MessageBody\"><p>since 2023 <strong><span class=\"markj5s3rgvm2\" data-markjs=\"true\" data-ogac=\"\" data-ogab=\"\" data-ogsc=\"\" data-ogsb=\"\">Feminism<\/span>\u00a0<span class=\"mark1ncq06odt\" data-markjs=\"true\" data-ogac=\"\" data-ogab=\"\" data-ogsc=\"\" data-ogsb=\"\">unDer<\/span>\u00a0<span class=\"markp5p048nur\" data-markjs=\"true\" data-ogac=\"\" data-ogab=\"\" data-ogsc=\"\" data-ogsb=\"\">CONSTRUCTION<\/span><\/strong> (Documentary) Directed together with Eva Rammesmayer. In production.<\/p><\/div><p>2018 <strong>Down and Out,<\/strong> documentary, 91 min., directed jointly with Birgit Bergmann and Oliver Werani; Drehkonzept.Diagonale 2018 (Best Sound Design Documentary \u2013 Sergey Martynyuk); Art Film Fest, Ko\u0161ice 2018; Der neue Heimatfilm Festival, Freistadt 2018; FILMZ, Mainz 2018<\/p><p>2013 <strong>Dirt is Freedom, <\/strong>documentary, 80 min., directed jointly with Birgit Bergmann and Oliver Werani. Cinematography. \"this human world\" Festival, Vienna 2013 (Audience Award)<\/p><p>2012 <strong>Fuel,<\/strong> documentary, 73 min.co-directed with Birgit Bergmann and Oliver Werani; camera. \u201cthis human world\u201d Festival, Vienna 2012; Mediawave, Hungary 2013; DOK.fest, Munich 2013; Zoom Austria, Skopje 2013<\/p><p>2010 <strong>Papa,<\/strong> feature film, 40 min. screenplay; (director: Umut Dag)Diagonale 2011 (best short fiction film); First Steps Award 2011; Thomas Pluch W\u00fcrdigungspreis 2011<\/p>\t\t\t\t\t\t\t\t<\/div>\n\t\t\t\t<\/div>\n\t\t\t\t\t<\/div>\n\t\t<\/div>\n\t\t\t\t\t<\/div>\n\t\t<\/section>\n\t\t\t\t<section class=\"elementor-section elementor-top-section elementor-element elementor-element-11d09a2 elementor-section-boxed elementor-section-height-default elementor-section-height-default\" data-id=\"11d09a2\" data-element_type=\"section\" data-e-type=\"section\">\n\t\t\t\t\t\t<div class=\"elementor-container elementor-column-gap-default\">\n\t\t\t\t\t<div class=\"elementor-column elementor-col-100 elementor-top-column elementor-element elementor-element-3ca9896\" data-id=\"3ca9896\" data-element_type=\"column\" data-e-type=\"column\">\n\t\t\t<div class=\"elementor-widget-wrap elementor-element-populated\">\n\t\t\t\t\t\t<div class=\"elementor-element elementor-element-0214c97 elementor-widget elementor-widget-spacer\" data-id=\"0214c97\" data-element_type=\"widget\" data-e-type=\"widget\" data-widget_type=\"spacer.default\">\n\t\t\t\t<div class=\"elementor-widget-container\">\n\t\t\t\t\t\t\t<div class=\"elementor-spacer\">\n\t\t\t<div class=\"elementor-spacer-inner\"><\/div>\n\t\t<\/div>\n\t\t\t\t\t\t<\/div>\n\t\t\t\t<\/div>\n\t\t\t\t\t<\/div>\n\t\t<\/div>\n\t\t\t\t\t<\/div>\n\t\t<\/section>\n\t\t\t\t<\/div>","protected":false},"excerpt":{"rendered":"<p>STEFFI\u00a0FRANZ geboren 1986 in Graz lebt und arbeitet in Wien und der Steiermark\u00a0ab 2007 Studium Buch und Dramaturgie an der Filmakademie Wien\u00a02011 Drehbuchstipendium der Literar-Mechananach l\u00e4ngerer Unterbrechung des Studiums seit 2022 im Master f\u00fcr Buch u. Dramaturgie \u00a0 STEFFI\u00a0FRANZ geboren 1986 in Graz lebt und arbeitet in Wien und der Steiermark\u00a0ab 2007 Studium Buch und [&hellip;]<\/p>","protected":false},"author":1,"featured_media":0,"parent":0,"menu_order":0,"comment_status":"closed","ping_status":"closed","template":"","meta":{"site-sidebar-layout":"no-sidebar","site-content-layout":"page-builder","ast-site-content-layout":"full-width-container","site-content-style":"default","site-sidebar-style":"default","ast-global-header-display":"","ast-banner-title-visibility":"","ast-main-header-display":"","ast-hfb-above-header-display":"","ast-hfb-below-header-display":"","ast-hfb-mobile-header-display":"","site-post-title":"disabled","ast-breadcrumbs-content":"","ast-featured-img":"disabled","footer-sml-layout":"","ast-disable-related-posts":"","theme-transparent-header-meta":"","adv-header-id-meta":"","stick-header-meta":"","header-above-stick-meta":"","header-main-stick-meta":"","header-below-stick-meta":"","astra-migrate-meta-layouts":"set","ast-page-background-enabled":"default","ast-page-background-meta":{"desktop":{"background-color":"","background-image":"","background-repeat":"repeat","background-position":"center center","background-size":"auto","background-attachment":"scroll","background-type":"","background-media":"","overlay-type":"","overlay-color":"","overlay-opacity":"","overlay-gradient":""},"tablet":{"background-color":"","background-image":"","background-repeat":"repeat","background-position":"center center","background-size":"auto","background-attachment":"scroll","background-type":"","background-media":"","overlay-type":"","overlay-color":"","overlay-opacity":"","overlay-gradient":""},"mobile":{"background-color":"","background-image":"","background-repeat":"repeat","background-position":"center center","background-size":"auto","background-attachment":"scroll","background-type":"","background-media":"","overlay-type":"","overlay-color":"","overlay-opacity":"","overlay-gradient":""}},"ast-content-background-meta":{"desktop":{"background-color":"var(--ast-global-color-5)","background-image":"","background-repeat":"repeat","background-position":"center center","background-size":"auto","background-attachment":"scroll","background-type":"","background-media":"","overlay-type":"","overlay-color":"","overlay-opacity":"","overlay-gradient":""},"tablet":{"background-color":"var(--ast-global-color-5)","background-image":"","background-repeat":"repeat","background-position":"center center","background-size":"auto","background-attachment":"scroll","background-type":"","background-media":"","overlay-type":"","overlay-color":"","overlay-opacity":"","overlay-gradient":""},"mobile":{"background-color":"var(--ast-global-color-5)","background-image":"","background-repeat":"repeat","background-position":"center center","background-size":"auto","background-attachment":"scroll","background-type":"","background-media":"","overlay-type":"","overlay-color":"","overlay-opacity":"","overlay-gradient":""}},"iawp_total_views":107,"footnotes":""},"class_list":["post-3442","page","type-page","status-publish","hentry"],"yoast_head":"<!-- This site is optimized with the Yoast SEO Premium plugin v27.0 (Yoast SEO v27.0) - https:\/\/yoast.com\/product\/yoast-seo-premium-wordpress\/ -->\n<title>Steffi Franz - feinstaubFILM<\/title>\n<meta name=\"description\" content=\"\u00d6sterreichische Filmemacher\" \/>\n<meta name=\"robots\" content=\"index, follow, max-snippet:-1, max-image-preview:large, max-video-preview:-1\" \/>\n<link rel=\"canonical\" href=\"https:\/\/www.feinstaubfilm.at\/en\/steffi-franz\/\" \/>\n<script type=\"application\/ld+json\" class=\"yoast-schema-graph\">{\"@context\":\"https:\/\/schema.org\",\"@graph\":[{\"@type\":\"WebPage\",\"@id\":\"https:\/\/www.feinstaubfilm.at\/steffi-franz\/\",\"url\":\"https:\/\/www.feinstaubfilm.at\/steffi-franz\/\",\"name\":\"Steffi Franz - feinstaubFILM\",\"isPartOf\":{\"@id\":\"https:\/\/www.feinstaubfilm.at\/#website\"},\"primaryImageOfPage\":{\"@id\":\"https:\/\/www.feinstaubfilm.at\/steffi-franz\/#primaryimage\"},\"image\":{\"@id\":\"https:\/\/www.feinstaubfilm.at\/steffi-franz\/#primaryimage\"},\"thumbnailUrl\":\"https:\/\/www.feinstaubfilm.at\/wp-content\/uploads\/elementor\/thumbs\/steffi-qzneg2nemsuwornrhbkh5ce4pj2vdmzhpn6m9g2mqo.png\",\"datePublished\":\"2024-04-23T08:26:09+00:00\",\"dateModified\":\"2025-01-24T08:53:44+00:00\",\"description\":\"\u00d6sterreichische Filmemacher\",\"breadcrumb\":{\"@id\":\"https:\/\/www.feinstaubfilm.at\/steffi-franz\/#breadcrumb\"},\"inLanguage\":\"en-GB\",\"potentialAction\":[{\"@type\":\"ReadAction\",\"target\":[\"https:\/\/www.feinstaubfilm.at\/steffi-franz\/\"]}]},{\"@type\":\"ImageObject\",\"inLanguage\":\"en-GB\",\"@id\":\"https:\/\/www.feinstaubfilm.at\/steffi-franz\/#primaryimage\",\"url\":\"https:\/\/www.feinstaubfilm.at\/wp-content\/uploads\/elementor\/thumbs\/steffi-qzneg2nemsuwornrhbkh5ce4pj2vdmzhpn6m9g2mqo.png\",\"contentUrl\":\"https:\/\/www.feinstaubfilm.at\/wp-content\/uploads\/elementor\/thumbs\/steffi-qzneg2nemsuwornrhbkh5ce4pj2vdmzhpn6m9g2mqo.png\"},{\"@type\":\"BreadcrumbList\",\"@id\":\"https:\/\/www.feinstaubfilm.at\/steffi-franz\/#breadcrumb\",\"itemListElement\":[{\"@type\":\"ListItem\",\"position\":1,\"name\":\"Startseite\",\"item\":\"https:\/\/www.feinstaubfilm.at\/\"},{\"@type\":\"ListItem\",\"position\":2,\"name\":\"Steffi Franz\"}]},{\"@type\":\"WebSite\",\"@id\":\"https:\/\/www.feinstaubfilm.at\/#website\",\"url\":\"https:\/\/www.feinstaubfilm.at\/\",\"name\":\"feinstaubFILM\",\"description\":\"Birgit Bergmann, Regisseurin und Editorin macht Dokumentarfilme in \u00d6sterreich, lebt in Wien. Oliver Werani, Regisseur und Kameramann macht Dokumentarfilme in \u00d6sterreich, lebt in Wien. Zwei Filmemacher:innen haben den Verein feinstaubFILM gegr\u00fcndet um unabh\u00e4ngige Filme produzieren zu k\u00f6nnen.\",\"publisher\":{\"@id\":\"https:\/\/www.feinstaubfilm.at\/#organization\"},\"potentialAction\":[{\"@type\":\"SearchAction\",\"target\":{\"@type\":\"EntryPoint\",\"urlTemplate\":\"https:\/\/www.feinstaubfilm.at\/?s={search_term_string}\"},\"query-input\":{\"@type\":\"PropertyValueSpecification\",\"valueRequired\":true,\"valueName\":\"search_term_string\"}}],\"inLanguage\":\"en-GB\"},{\"@type\":\"Organization\",\"@id\":\"https:\/\/www.feinstaubfilm.at\/#organization\",\"name\":\"feinstaubFILM\",\"url\":\"https:\/\/www.feinstaubfilm.at\/\",\"logo\":{\"@type\":\"ImageObject\",\"inLanguage\":\"en-GB\",\"@id\":\"https:\/\/www.feinstaubfilm.at\/#\/schema\/logo\/image\/\",\"url\":\"https:\/\/www.feinstaubfilm.at\/wp-content\/uploads\/2022\/10\/MUeTTER_STILL_1.30.1.jpg\",\"contentUrl\":\"https:\/\/www.feinstaubfilm.at\/wp-content\/uploads\/2022\/10\/MUeTTER_STILL_1.30.1.jpg\",\"width\":1920,\"height\":1080,\"caption\":\"feinstaubFILM\"},\"image\":{\"@id\":\"https:\/\/www.feinstaubfilm.at\/#\/schema\/logo\/image\/\"}}]}<\/script>\n<!-- \/ Yoast SEO Premium plugin. -->","yoast_head_json":{"title":"Steffi Franz - feinstaubFILM","description":"Austrian filmmakers","robots":{"index":"index","follow":"follow","max-snippet":"max-snippet:-1","max-image-preview":"max-image-preview:large","max-video-preview":"max-video-preview:-1"},"canonical":"https:\/\/www.feinstaubfilm.at\/en\/steffi-franz\/","schema":{"@context":"https:\/\/schema.org","@graph":[{"@type":"WebPage","@id":"https:\/\/www.feinstaubfilm.at\/steffi-franz\/","url":"https:\/\/www.feinstaubfilm.at\/steffi-franz\/","name":"Steffi Franz - feinstaubFILM","isPartOf":{"@id":"https:\/\/www.feinstaubfilm.at\/#website"},"primaryImageOfPage":{"@id":"https:\/\/www.feinstaubfilm.at\/steffi-franz\/#primaryimage"},"image":{"@id":"https:\/\/www.feinstaubfilm.at\/steffi-franz\/#primaryimage"},"thumbnailUrl":"https:\/\/www.feinstaubfilm.at\/wp-content\/uploads\/elementor\/thumbs\/steffi-qzneg2nemsuwornrhbkh5ce4pj2vdmzhpn6m9g2mqo.png","datePublished":"2024-04-23T08:26:09+00:00","dateModified":"2025-01-24T08:53:44+00:00","description":"Austrian filmmakers","breadcrumb":{"@id":"https:\/\/www.feinstaubfilm.at\/steffi-franz\/#breadcrumb"},"inLanguage":"en-GB","potentialAction":[{"@type":"ReadAction","target":["https:\/\/www.feinstaubfilm.at\/steffi-franz\/"]}]},{"@type":"ImageObject","inLanguage":"en-GB","@id":"https:\/\/www.feinstaubfilm.at\/steffi-franz\/#primaryimage","url":"https:\/\/www.feinstaubfilm.at\/wp-content\/uploads\/elementor\/thumbs\/steffi-qzneg2nemsuwornrhbkh5ce4pj2vdmzhpn6m9g2mqo.png","contentUrl":"https:\/\/www.feinstaubfilm.at\/wp-content\/uploads\/elementor\/thumbs\/steffi-qzneg2nemsuwornrhbkh5ce4pj2vdmzhpn6m9g2mqo.png"},{"@type":"BreadcrumbList","@id":"https:\/\/www.feinstaubfilm.at\/steffi-franz\/#breadcrumb","itemListElement":[{"@type":"ListItem","position":1,"name":"Startseite","item":"https:\/\/www.feinstaubfilm.at\/"},{"@type":"ListItem","position":2,"name":"Steffi Franz"}]},{"@type":"WebSite","@id":"https:\/\/www.feinstaubfilm.at\/#website","url":"https:\/\/www.feinstaubfilm.at\/","name":"fine dustFILM","description":"Birgit Bergmann, director and editor makes documentary films in Austria, lives in Vienna. Oliver Werani, director and cameraman makes documentary films in Austria, lives in Vienna. Two filmmakers have founded the feinstaubFILM association to produce independent films.","publisher":{"@id":"https:\/\/www.feinstaubfilm.at\/#organization"},"potentialAction":[{"@type":"SearchAction","target":{"@type":"EntryPoint","urlTemplate":"https:\/\/www.feinstaubfilm.at\/?s={search_term_string}"},"query-input":{"@type":"PropertyValueSpecification","valueRequired":true,"valueName":"search_term_string"}}],"inLanguage":"en-GB"},{"@type":"Organization","@id":"https:\/\/www.feinstaubfilm.at\/#organization","name":"fine dustFILM","url":"https:\/\/www.feinstaubfilm.at\/","logo":{"@type":"ImageObject","inLanguage":"en-GB","@id":"https:\/\/www.feinstaubfilm.at\/#\/schema\/logo\/image\/","url":"https:\/\/www.feinstaubfilm.at\/wp-content\/uploads\/2022\/10\/MUeTTER_STILL_1.30.1.jpg","contentUrl":"https:\/\/www.feinstaubfilm.at\/wp-content\/uploads\/2022\/10\/MUeTTER_STILL_1.30.1.jpg","width":1920,"height":1080,"caption":"feinstaubFILM"},"image":{"@id":"https:\/\/www.feinstaubfilm.at\/#\/schema\/logo\/image\/"}}]}},"_links":{"self":[{"href":"https:\/\/www.feinstaubfilm.at\/en\/wp-json\/wp\/v2\/pages\/3442","targetHints":{"allow":["GET"]}}],"collection":[{"href":"https:\/\/www.feinstaubfilm.at\/en\/wp-json\/wp\/v2\/pages"}],"about":[{"href":"https:\/\/www.feinstaubfilm.at\/en\/wp-json\/wp\/v2\/types\/page"}],"author":[{"embeddable":true,"href":"https:\/\/www.feinstaubfilm.at\/en\/wp-json\/wp\/v2\/users\/1"}],"replies":[{"embeddable":true,"href":"https:\/\/www.feinstaubfilm.at\/en\/wp-json\/wp\/v2\/comments?post=3442"}],"version-history":[{"count":46,"href":"https:\/\/www.feinstaubfilm.at\/en\/wp-json\/wp\/v2\/pages\/3442\/revisions"}],"predecessor-version":[{"id":3789,"href":"https:\/\/www.feinstaubfilm.at\/en\/wp-json\/wp\/v2\/pages\/3442\/revisions\/3789"}],"wp:attachment":[{"href":"https:\/\/www.feinstaubfilm.at\/en\/wp-json\/wp\/v2\/media?parent=3442"}],"curies":[{"name":"wp","href":"https:\/\/api.w.org\/{rel}","templated":true}]}}