{"id":1149,"date":"2022-10-10T13:14:21","date_gmt":"2022-10-10T11:14:21","guid":{"rendered":"https:\/\/www.feinstaubfilm.at\/?page_id=1149"},"modified":"2026-03-21T21:49:53","modified_gmt":"2026-03-21T20:49:53","slug":"impressum","status":"publish","type":"page","link":"https:\/\/www.feinstaubfilm.at\/en\/impressum\/","title":{"rendered":"Imprint"},"content":{"rendered":"<div data-elementor-type=\"wp-page\" data-elementor-id=\"1149\" class=\"elementor elementor-1149\">\n\t\t\t\t\t\t<section class=\"elementor-section elementor-top-section elementor-element elementor-element-892787e elementor-hidden-mobile elementor-section-boxed elementor-section-height-default elementor-section-height-default\" data-id=\"892787e\" data-element_type=\"section\" data-e-type=\"section\">\n\t\t\t\t\t\t<div class=\"elementor-container elementor-column-gap-default\">\n\t\t\t\t\t<div class=\"elementor-column elementor-col-100 elementor-top-column elementor-element elementor-element-d1d1679\" data-id=\"d1d1679\" data-element_type=\"column\" data-e-type=\"column\">\n\t\t\t<div class=\"elementor-widget-wrap elementor-element-populated\">\n\t\t\t\t\t\t<div class=\"elementor-element elementor-element-0149116 elementor-widget elementor-widget-spacer\" data-id=\"0149116\" data-element_type=\"widget\" data-e-type=\"widget\" data-widget_type=\"spacer.default\">\n\t\t\t\t<div class=\"elementor-widget-container\">\n\t\t\t\t\t\t\t<div class=\"elementor-spacer\">\n\t\t\t<div class=\"elementor-spacer-inner\"><\/div>\n\t\t<\/div>\n\t\t\t\t\t\t<\/div>\n\t\t\t\t<\/div>\n\t\t\t\t\t<\/div>\n\t\t<\/div>\n\t\t\t\t\t<\/div>\n\t\t<\/section>\n\t\t\t\t<section class=\"elementor-section elementor-top-section elementor-element elementor-element-d52b85f elementor-section-boxed elementor-section-height-default elementor-section-height-default\" data-id=\"d52b85f\" data-element_type=\"section\" data-e-type=\"section\">\n\t\t\t\t\t\t<div class=\"elementor-container elementor-column-gap-default\">\n\t\t\t\t\t<div class=\"elementor-column elementor-col-100 elementor-top-column elementor-element elementor-element-a66c72a\" data-id=\"a66c72a\" data-element_type=\"column\" data-e-type=\"column\">\n\t\t\t<div class=\"elementor-widget-wrap elementor-element-populated\">\n\t\t\t\t\t\t<div class=\"elementor-element elementor-element-b9f789f elementor-widget elementor-widget-text-editor\" data-id=\"b9f789f\" data-element_type=\"widget\" data-e-type=\"widget\" data-widget_type=\"text-editor.default\">\n\t\t\t\t<div class=\"elementor-widget-container\">\n\t\t\t\t\t\t\t\t\t<p style=\"text-align: center;\">\u00a0<\/p><p data-start=\"1112\" data-end=\"1178\"><strong data-start=\"1112\" data-end=\"1153\">Art and culture association FEINstaubfilm<\/strong><br data-start=\"1153\" data-end=\"1156\" \/>ZVR number: 1326521540<\/p><p data-start=\"1180\" data-end=\"1252\"><strong data-start=\"1180\" data-end=\"1201\">Seat of the organisation:<\/strong><br data-start=\"1201\" data-end=\"1204\" \/>Vienna<br data-start=\"1237\" data-end=\"1240\" \/>Austria<\/p><p data-start=\"1254\" data-end=\"1313\"><strong data-start=\"1254\" data-end=\"1284\">Person authorised to represent the company:<\/strong><br data-start=\"1284\" data-end=\"1287\" \/>Birgit Bergmann - Chairwoman<\/p><p data-start=\"1315\" data-end=\"1385\"><strong data-start=\"1315\" data-end=\"1347\">Other board members:<\/strong><br data-start=\"1347\" data-end=\"1350\" \/>Oliver Werani - Member of the Executive Board<\/p><p data-start=\"1387\" data-end=\"1462\"><strong data-start=\"1387\" data-end=\"1399\">Contact:<\/strong><br data-start=\"1399\" data-end=\"1402\" \/>E-Mail: <a class=\"decorated-link cursor-pointer\" rel=\"noopener\" data-start=\"1410\" data-end=\"1433\">office@feinstaubfilm.at<\/a><\/p><p data-start=\"1464\" data-end=\"1558\"><strong data-start=\"1464\" data-end=\"1519\">Responsible for media content according to \u00a7 25 MedienG:<\/strong><br data-start=\"1519\" data-end=\"1522\" \/>Birgit Bergmann<\/p>\t\t\t\t\t\t\t\t<\/div>\n\t\t\t\t<\/div>\n\t\t\t\t\t<\/div>\n\t\t<\/div>\n\t\t\t\t\t<\/div>\n\t\t<\/section>\n\t\t\t\t<section class=\"elementor-section elementor-top-section elementor-element elementor-element-3912e2f elementor-section-boxed elementor-section-height-default elementor-section-height-default\" data-id=\"3912e2f\" data-element_type=\"section\" data-e-type=\"section\">\n\t\t\t\t\t\t<div class=\"elementor-container elementor-column-gap-default\">\n\t\t\t\t\t<div class=\"elementor-column elementor-col-100 elementor-top-column elementor-element elementor-element-18379a9\" data-id=\"18379a9\" data-element_type=\"column\" data-e-type=\"column\">\n\t\t\t<div class=\"elementor-widget-wrap elementor-element-populated\">\n\t\t\t\t\t\t<div class=\"elementor-element elementor-element-d8370d3 elementor-widget elementor-widget-text-editor\" data-id=\"d8370d3\" data-element_type=\"widget\" data-e-type=\"widget\" data-widget_type=\"text-editor.default\">\n\t\t\t\t<div class=\"elementor-widget-container\">\n\t\t\t\t\t\t\t\t\t<p style=\"text-align: center;\">feinstaubFilm association statutes <span style=\"text-decoration: underline;\"><strong><a href=\"https:\/\/www.feinstaubfilm.at\/wp-content\/uploads\/2022\/10\/Vereinsstatuten_FeinstaubFilm.pdf\" target=\"_blank\" rel=\"noopener\">PDF<\/a><\/strong><\/span><\/p><p style=\"text-align: center;\">Extract from the register of associations <strong><a href=\"https:\/\/www.feinstaubfilm.at\/wp-content\/uploads\/2026\/02\/vereinsregisterauszug_FEINSTAUBFILM.pdf\">PDF<\/a><\/strong><\/p>\t\t\t\t\t\t\t\t<\/div>\n\t\t\t\t<\/div>\n\t\t\t\t\t<\/div>\n\t\t<\/div>\n\t\t\t\t\t<\/div>\n\t\t<\/section>\n\t\t\t\t<section class=\"elementor-section elementor-top-section elementor-element elementor-element-18f9d57 elementor-section-boxed elementor-section-height-default elementor-section-height-default\" data-id=\"18f9d57\" data-element_type=\"section\" data-e-type=\"section\">\n\t\t\t\t\t\t<div class=\"elementor-container elementor-column-gap-default\">\n\t\t\t\t\t<div class=\"elementor-column elementor-col-100 elementor-top-column elementor-element elementor-element-ccaaa30\" data-id=\"ccaaa30\" data-element_type=\"column\" data-e-type=\"column\">\n\t\t\t<div class=\"elementor-widget-wrap elementor-element-populated\">\n\t\t\t\t\t\t<div class=\"elementor-element elementor-element-d581c42 elementor-widget elementor-widget-spacer\" data-id=\"d581c42\" data-element_type=\"widget\" data-e-type=\"widget\" data-widget_type=\"spacer.default\">\n\t\t\t\t<div class=\"elementor-widget-container\">\n\t\t\t\t\t\t\t<div class=\"elementor-spacer\">\n\t\t\t<div class=\"elementor-spacer-inner\"><\/div>\n\t\t<\/div>\n\t\t\t\t\t\t<\/div>\n\t\t\t\t<\/div>\n\t\t\t\t\t<\/div>\n\t\t<\/div>\n\t\t\t\t\t<\/div>\n\t\t<\/section>\n\t\t\t\t<\/div>","protected":false},"excerpt":{"rendered":"<p>\u00a0 Kunst- und Kulturverein FEINstaubfilmZVR-Zahl: 1326521540 Sitz des Vereins:Wien\u00d6sterreich Vertretungsbefugte Person:Birgit Bergmann \u2013 Obfrau Weitere Vorstandsmitglieder:Oliver Werani \u2013 Vorstandsmitglied Kontakt:E-Mail: office@feinstaubfilm.at Medieninhaltlich verantwortlich gem\u00e4\u00df \u00a7 25 MedienG:Birgit Bergmann feinstaubFilm Vereinsstatuten PDF Auszug aus dem Vereinsregister PDF<\/p>","protected":false},"author":1,"featured_media":0,"parent":0,"menu_order":0,"comment_status":"closed","ping_status":"closed","template":"","meta":{"site-sidebar-layout":"no-sidebar","site-content-layout":"page-builder","ast-site-content-layout":"default","site-content-style":"default","site-sidebar-style":"default","ast-global-header-display":"","ast-banner-title-visibility":"","ast-main-header-display":"","ast-hfb-above-header-display":"","ast-hfb-below-header-display":"","ast-hfb-mobile-header-display":"","site-post-title":"disabled","ast-breadcrumbs-content":"","ast-featured-img":"disabled","footer-sml-layout":"","ast-disable-related-posts":"","theme-transparent-header-meta":"","adv-header-id-meta":"","stick-header-meta":"","header-above-stick-meta":"","header-main-stick-meta":"","header-below-stick-meta":"","astra-migrate-meta-layouts":"default","ast-page-background-enabled":"default","ast-page-background-meta":{"desktop":{"background-color":"","background-image":"","background-repeat":"repeat","background-position":"center center","background-size":"auto","background-attachment":"scroll","background-type":"","background-media":"","overlay-type":"","overlay-color":"","overlay-opacity":"","overlay-gradient":""},"tablet":{"background-color":"","background-image":"","background-repeat":"repeat","background-position":"center center","background-size":"auto","background-attachment":"scroll","background-type":"","background-media":"","overlay-type":"","overlay-color":"","overlay-opacity":"","overlay-gradient":""},"mobile":{"background-color":"","background-image":"","background-repeat":"repeat","background-position":"center center","background-size":"auto","background-attachment":"scroll","background-type":"","background-media":"","overlay-type":"","overlay-color":"","overlay-opacity":"","overlay-gradient":""}},"ast-content-background-meta":{"desktop":{"background-color":"var(--ast-global-color-5)","background-image":"","background-repeat":"repeat","background-position":"center center","background-size":"auto","background-attachment":"scroll","background-type":"","background-media":"","overlay-type":"","overlay-color":"","overlay-opacity":"","overlay-gradient":""},"tablet":{"background-color":"var(--ast-global-color-5)","background-image":"","background-repeat":"repeat","background-position":"center center","background-size":"auto","background-attachment":"scroll","background-type":"","background-media":"","overlay-type":"","overlay-color":"","overlay-opacity":"","overlay-gradient":""},"mobile":{"background-color":"var(--ast-global-color-5)","background-image":"","background-repeat":"repeat","background-position":"center center","background-size":"auto","background-attachment":"scroll","background-type":"","background-media":"","overlay-type":"","overlay-color":"","overlay-opacity":"","overlay-gradient":""}},"iawp_total_views":39,"footnotes":""},"class_list":["post-1149","page","type-page","status-publish","hentry"],"yoast_head":"<!-- This site is optimized with the Yoast SEO Premium plugin v27.0 (Yoast SEO v27.0) - https:\/\/yoast.com\/product\/yoast-seo-premium-wordpress\/ -->\n<title>Impressum - feinstaubFILM<\/title>\n<meta name=\"description\" content=\"\u00d6sterreichische Filmemacher\" \/>\n<meta name=\"robots\" content=\"index, follow, max-snippet:-1, max-image-preview:large, max-video-preview:-1\" \/>\n<link rel=\"canonical\" href=\"https:\/\/www.feinstaubfilm.at\/en\/impressum\/\" \/>\n<script type=\"application\/ld+json\" class=\"yoast-schema-graph\">{\"@context\":\"https:\/\/schema.org\",\"@graph\":[{\"@type\":\"WebPage\",\"@id\":\"https:\/\/www.feinstaubfilm.at\/impressum\/\",\"url\":\"https:\/\/www.feinstaubfilm.at\/impressum\/\",\"name\":\"Impressum - feinstaubFILM\",\"isPartOf\":{\"@id\":\"https:\/\/www.feinstaubfilm.at\/#website\"},\"datePublished\":\"2022-10-10T11:14:21+00:00\",\"dateModified\":\"2026-03-21T20:49:53+00:00\",\"description\":\"\u00d6sterreichische Filmemacher\",\"breadcrumb\":{\"@id\":\"https:\/\/www.feinstaubfilm.at\/impressum\/#breadcrumb\"},\"inLanguage\":\"en-GB\",\"potentialAction\":[{\"@type\":\"ReadAction\",\"target\":[\"https:\/\/www.feinstaubfilm.at\/impressum\/\"]}]},{\"@type\":\"BreadcrumbList\",\"@id\":\"https:\/\/www.feinstaubfilm.at\/impressum\/#breadcrumb\",\"itemListElement\":[{\"@type\":\"ListItem\",\"position\":1,\"name\":\"Startseite\",\"item\":\"https:\/\/www.feinstaubfilm.at\/\"},{\"@type\":\"ListItem\",\"position\":2,\"name\":\"Impressum\"}]},{\"@type\":\"WebSite\",\"@id\":\"https:\/\/www.feinstaubfilm.at\/#website\",\"url\":\"https:\/\/www.feinstaubfilm.at\/\",\"name\":\"feinstaubFILM\",\"description\":\"Birgit Bergmann, Regisseurin und Editorin macht Dokumentarfilme in \u00d6sterreich, lebt in Wien. Oliver Werani, Regisseur und Kameramann macht Dokumentarfilme in \u00d6sterreich, lebt in Wien. Zwei Filmemacher:innen haben den Verein feinstaubFILM gegr\u00fcndet um unabh\u00e4ngige Filme produzieren zu k\u00f6nnen.\",\"publisher\":{\"@id\":\"https:\/\/www.feinstaubfilm.at\/#organization\"},\"potentialAction\":[{\"@type\":\"SearchAction\",\"target\":{\"@type\":\"EntryPoint\",\"urlTemplate\":\"https:\/\/www.feinstaubfilm.at\/?s={search_term_string}\"},\"query-input\":{\"@type\":\"PropertyValueSpecification\",\"valueRequired\":true,\"valueName\":\"search_term_string\"}}],\"inLanguage\":\"en-GB\"},{\"@type\":\"Organization\",\"@id\":\"https:\/\/www.feinstaubfilm.at\/#organization\",\"name\":\"feinstaubFILM\",\"url\":\"https:\/\/www.feinstaubfilm.at\/\",\"logo\":{\"@type\":\"ImageObject\",\"inLanguage\":\"en-GB\",\"@id\":\"https:\/\/www.feinstaubfilm.at\/#\/schema\/logo\/image\/\",\"url\":\"https:\/\/www.feinstaubfilm.at\/wp-content\/uploads\/2022\/10\/MUeTTER_STILL_1.30.1.jpg\",\"contentUrl\":\"https:\/\/www.feinstaubfilm.at\/wp-content\/uploads\/2022\/10\/MUeTTER_STILL_1.30.1.jpg\",\"width\":1920,\"height\":1080,\"caption\":\"feinstaubFILM\"},\"image\":{\"@id\":\"https:\/\/www.feinstaubfilm.at\/#\/schema\/logo\/image\/\"}}]}<\/script>\n<!-- \/ Yoast SEO Premium plugin. -->","yoast_head_json":{"title":"Impressum - feinstaubFILM","description":"Austrian filmmakers","robots":{"index":"index","follow":"follow","max-snippet":"max-snippet:-1","max-image-preview":"max-image-preview:large","max-video-preview":"max-video-preview:-1"},"canonical":"https:\/\/www.feinstaubfilm.at\/en\/impressum\/","schema":{"@context":"https:\/\/schema.org","@graph":[{"@type":"WebPage","@id":"https:\/\/www.feinstaubfilm.at\/impressum\/","url":"https:\/\/www.feinstaubfilm.at\/impressum\/","name":"Impressum - feinstaubFILM","isPartOf":{"@id":"https:\/\/www.feinstaubfilm.at\/#website"},"datePublished":"2022-10-10T11:14:21+00:00","dateModified":"2026-03-21T20:49:53+00:00","description":"Austrian filmmakers","breadcrumb":{"@id":"https:\/\/www.feinstaubfilm.at\/impressum\/#breadcrumb"},"inLanguage":"en-GB","potentialAction":[{"@type":"ReadAction","target":["https:\/\/www.feinstaubfilm.at\/impressum\/"]}]},{"@type":"BreadcrumbList","@id":"https:\/\/www.feinstaubfilm.at\/impressum\/#breadcrumb","itemListElement":[{"@type":"ListItem","position":1,"name":"Startseite","item":"https:\/\/www.feinstaubfilm.at\/"},{"@type":"ListItem","position":2,"name":"Impressum"}]},{"@type":"WebSite","@id":"https:\/\/www.feinstaubfilm.at\/#website","url":"https:\/\/www.feinstaubfilm.at\/","name":"fine dustFILM","description":"Birgit Bergmann, director and editor makes documentary films in Austria, lives in Vienna. Oliver Werani, director and cameraman makes documentary films in Austria, lives in Vienna. Two filmmakers have founded the feinstaubFILM association to produce independent films.","publisher":{"@id":"https:\/\/www.feinstaubfilm.at\/#organization"},"potentialAction":[{"@type":"SearchAction","target":{"@type":"EntryPoint","urlTemplate":"https:\/\/www.feinstaubfilm.at\/?s={search_term_string}"},"query-input":{"@type":"PropertyValueSpecification","valueRequired":true,"valueName":"search_term_string"}}],"inLanguage":"en-GB"},{"@type":"Organization","@id":"https:\/\/www.feinstaubfilm.at\/#organization","name":"fine dustFILM","url":"https:\/\/www.feinstaubfilm.at\/","logo":{"@type":"ImageObject","inLanguage":"en-GB","@id":"https:\/\/www.feinstaubfilm.at\/#\/schema\/logo\/image\/","url":"https:\/\/www.feinstaubfilm.at\/wp-content\/uploads\/2022\/10\/MUeTTER_STILL_1.30.1.jpg","contentUrl":"https:\/\/www.feinstaubfilm.at\/wp-content\/uploads\/2022\/10\/MUeTTER_STILL_1.30.1.jpg","width":1920,"height":1080,"caption":"feinstaubFILM"},"image":{"@id":"https:\/\/www.feinstaubfilm.at\/#\/schema\/logo\/image\/"}}]}},"_links":{"self":[{"href":"https:\/\/www.feinstaubfilm.at\/en\/wp-json\/wp\/v2\/pages\/1149","targetHints":{"allow":["GET"]}}],"collection":[{"href":"https:\/\/www.feinstaubfilm.at\/en\/wp-json\/wp\/v2\/pages"}],"about":[{"href":"https:\/\/www.feinstaubfilm.at\/en\/wp-json\/wp\/v2\/types\/page"}],"author":[{"embeddable":true,"href":"https:\/\/www.feinstaubfilm.at\/en\/wp-json\/wp\/v2\/users\/1"}],"replies":[{"embeddable":true,"href":"https:\/\/www.feinstaubfilm.at\/en\/wp-json\/wp\/v2\/comments?post=1149"}],"version-history":[{"count":55,"href":"https:\/\/www.feinstaubfilm.at\/en\/wp-json\/wp\/v2\/pages\/1149\/revisions"}],"predecessor-version":[{"id":4716,"href":"https:\/\/www.feinstaubfilm.at\/en\/wp-json\/wp\/v2\/pages\/1149\/revisions\/4716"}],"wp:attachment":[{"href":"https:\/\/www.feinstaubfilm.at\/en\/wp-json\/wp\/v2\/media?parent=1149"}],"curies":[{"name":"wp","href":"https:\/\/api.w.org\/{rel}","templated":true}]}}